{"id":10,"date":"2021-02-03T16:12:03","date_gmt":"2021-02-03T16:12:03","guid":{"rendered":"https:\/\/hmcsviagens.pt\/index.php\/wp-travel-dashboard\/"},"modified":"2021-02-03T16:12:03","modified_gmt":"2021-02-03T16:12:03","slug":"wp-travel-dashboard","status":"publish","type":"page","link":"https:\/\/hmcsviagens.pt\/index.php\/wp-travel-dashboard\/","title":{"rendered":"WP Travel Dashboard"},"content":{"rendered":"<div class=\"wp-travel \"><div class=\"wp-travel-dashboard-form\">\r\n\t<div class=\"login-page\">\r\n\t\t\t\t\t<div class=\"login-logo\">\r\n\t\t\t\t<a href=\"https:\/\/hmcsviagens.pt\/\" class=\"custom-logo-link\" rel=\"home\"><img loading=\"lazy\" decoding=\"async\" width=\"2038\" height=\"1081\" src=\"https:\/\/hmcsviagens.pt\/wp-content\/uploads\/2021\/03\/cropped-logo-hmcs-viagens-versao-branco-01.png\" class=\"custom-logo\" alt=\"HMCS viagens\" srcset=\"https:\/\/hmcsviagens.pt\/wp-content\/uploads\/2021\/03\/cropped-logo-hmcs-viagens-versao-branco-01.png 2038w, https:\/\/hmcsviagens.pt\/wp-content\/uploads\/2021\/03\/cropped-logo-hmcs-viagens-versao-branco-01-300x159.png 300w, https:\/\/hmcsviagens.pt\/wp-content\/uploads\/2021\/03\/cropped-logo-hmcs-viagens-versao-branco-01-1024x543.png 1024w, https:\/\/hmcsviagens.pt\/wp-content\/uploads\/2021\/03\/cropped-logo-hmcs-viagens-versao-branco-01-768x407.png 768w, https:\/\/hmcsviagens.pt\/wp-content\/uploads\/2021\/03\/cropped-logo-hmcs-viagens-versao-branco-01-1536x815.png 1536w\" sizes=\"auto, (max-width: 2038px) 100vw, 2038px\" \/><\/a>\t\t\t<\/div>\r\n\t\t\t\t<div class=\"form\">\r\n\t\t\t\t\t<!-- Registration form -->\r\n\t\t\t<form method=\"post\" class=\"register-form\"  >\r\n\t\t\t\t<h3>Register<\/h3>\r\n\t\t\t\t\t\t\t\t\t<span class=\"user-name\">\r\n\t\t\t\t\t\t<input name=\"username\" type=\"text\" placeholder=\"Username\"\/>\r\n\t\t\t\t\t<\/span>\r\n\t\t\t\t\t\t\t\t<span class=\"user-email\">\r\n\t\t\t\t\t<input name=\"email\" type=\"text\" placeholder=\"Email Address\"\/>\r\n\t\t\t\t<\/span>\r\n\t\t\t\t\t\t\t\t\t<span class=\"user-password\">\r\n\t\t\t\t\t\t<input name=\"password\" type=\"password\" placeholder=\"Password\"\/>\r\n\t\t\t\t\t<\/span>\r\n\t\t\t\t\t\t\t\t\r\n\t\t\t\t<input type=\"hidden\" id=\"wp-travel-register-nonce\" name=\"wp-travel-register-nonce\" value=\"29caceefa0\" \/><input type=\"hidden\" name=\"_wp_http_referer\" value=\"\/index.php\/wp-json\/wp\/v2\/pages\/10\" \/>\t\t\t\t<button  type=\"submit\" name=\"register\" value=\"Register\" >Register<\/button>\r\n\t\t\t\t<p class=\"message\">Already registered? <a href=\"#\">Sign In<\/a><\/p>\r\n\t\t\t<\/form>\r\n\t\t\t\t\t<!-- Login Form -->\r\n\t\t\t<form method=\"post\" class=\"login-form\"  >\r\n\t\t\t\t\t<h3>Login<\/h3>\r\n\t\t\t\t\t<span class=\"user-username\">\r\n\t\t\t\t\t\t<input name=\"username\" type=\"text\" placeholder=\"Username\"\/>\r\n\t\t\t\t\t<\/span>\r\n\t\t\t\t\t<span class=\"user-password\">\r\n\t\t\t\t\t\t<input name=\"password\" type=\"password\" placeholder=\"Password\"\/>\r\n\t\t\t\t\t<\/span>\r\n\t\t\t\t\t<div class=\"wrapper\">\r\n\r\n\t\t\t\t\t\t<div class=\"float-left\">\r\n\t\t\t\t\t\t\t<input class=\"\" name=\"rememberme\" type=\"checkbox\" id=\"rememberme\" value=\"forever\" \/>\r\n\t\t\t\t\t\t\t<input type=\"hidden\" id=\"wp-travel-login-nonce\" name=\"wp-travel-login-nonce\" value=\"9e8a807ffa\" \/><input type=\"hidden\" name=\"_wp_http_referer\" value=\"\/index.php\/wp-json\/wp\/v2\/pages\/10\" \/>\t\t\t\t\t\t\t<label for=\"rememberme\">Remember me<\/label>\r\n\t\t\t\t\t\t<\/div>\r\n\t\t\t\t\t\t<div class=\"float-right\">\r\n\t\t\t\t\t\t\t<p class=\"info\">\r\n\t\t\t\t\t\t\t\t<a href=\"https:\/\/hmcsviagens.pt\/index.php\/wp-travel-dashboard\/?action=lost-pass&#038;_nonce=454a818398\">Forgot Password ?<\/a>\r\n\t\t\t\t\t\t\t<\/p>\r\n\t\t\t\t\t\t<\/div>\r\n\t\t\t\t\t<\/div>\r\n\t\t\t\t<button  type=\"submit\" name=\"login\" value=\"Login\" >Login<\/button>\r\n\t\t\t\t\t\t\t\t\t\t\t\t\t<p class=\"message\">Not registered? <a href=\"#\">Create an account<\/a><\/p>\r\n\t\t\t\t\t\t\t<\/form>\r\n\t\t<\/div>\r\n\t<\/div>\r\n<\/div>\r\n<\/div>\n","protected":false},"excerpt":{"rendered":"","protected":false},"author":1,"featured_media":0,"parent":0,"menu_order":0,"comment_status":"closed","ping_status":"closed","template":"","meta":{"_monsterinsights_skip_tracking":false,"_monsterinsights_sitenote_active":false,"_monsterinsights_sitenote_note":"","_monsterinsights_sitenote_category":0,"footnotes":""},"class_list":["post-10","page","type-page","status-publish","hentry"],"yoast_head":"<!-- This site is optimized with the Yoast SEO plugin v27.4 - https:\/\/yoast.com\/product\/yoast-seo-wordpress\/ -->\n<title>WP Travel Dashboard - HMCS viagens<\/title>\n<meta name=\"robots\" content=\"index, follow, max-snippet:-1, max-image-preview:large, max-video-preview:-1\" \/>\n<link rel=\"canonical\" href=\"https:\/\/hmcsviagens.pt\/index.php\/wp-travel-dashboard\/\" \/>\n<meta property=\"og:locale\" content=\"pt_PT\" \/>\n<meta property=\"og:type\" content=\"article\" \/>\n<meta property=\"og:title\" content=\"WP Travel Dashboard - HMCS viagens\" \/>\n<meta property=\"og:url\" content=\"https:\/\/hmcsviagens.pt\/index.php\/wp-travel-dashboard\/\" \/>\n<meta property=\"og:site_name\" content=\"HMCS viagens\" \/>\n<meta property=\"article:publisher\" content=\"https:\/\/www.facebook.com\/hmcsviagens\" \/>\n<meta name=\"twitter:card\" content=\"summary_large_image\" \/>\n<script type=\"application\/ld+json\" class=\"yoast-schema-graph\">{\"@context\":\"https:\\\/\\\/schema.org\",\"@graph\":[{\"@type\":\"WebPage\",\"@id\":\"https:\\\/\\\/hmcsviagens.pt\\\/index.php\\\/wp-travel-dashboard\\\/\",\"url\":\"https:\\\/\\\/hmcsviagens.pt\\\/index.php\\\/wp-travel-dashboard\\\/\",\"name\":\"WP Travel Dashboard - HMCS viagens\",\"isPartOf\":{\"@id\":\"https:\\\/\\\/hmcsviagens.pt\\\/#website\"},\"datePublished\":\"2021-02-03T16:12:03+00:00\",\"breadcrumb\":{\"@id\":\"https:\\\/\\\/hmcsviagens.pt\\\/index.php\\\/wp-travel-dashboard\\\/#breadcrumb\"},\"inLanguage\":\"pt-PT\",\"potentialAction\":[{\"@type\":\"ReadAction\",\"target\":[\"https:\\\/\\\/hmcsviagens.pt\\\/index.php\\\/wp-travel-dashboard\\\/\"]}]},{\"@type\":\"BreadcrumbList\",\"@id\":\"https:\\\/\\\/hmcsviagens.pt\\\/index.php\\\/wp-travel-dashboard\\\/#breadcrumb\",\"itemListElement\":[{\"@type\":\"ListItem\",\"position\":1,\"name\":\"Home\",\"item\":\"https:\\\/\\\/hmcsviagens.pt\\\/\"},{\"@type\":\"ListItem\",\"position\":2,\"name\":\"WP Travel Dashboard\"}]},{\"@type\":\"WebSite\",\"@id\":\"https:\\\/\\\/hmcsviagens.pt\\\/#website\",\"url\":\"https:\\\/\\\/hmcsviagens.pt\\\/\",\"name\":\"HMCS viagens\",\"description\":\"Viagens de neg\u00f3cios, luas de mel, programas para escapadinhas, viagens \u00e0 medida, hot\u00e9is, hot\u00e9is de luxo, voos, transfers, excurs\u00f5es. Reserve na HMCS Viagens\",\"publisher\":{\"@id\":\"https:\\\/\\\/hmcsviagens.pt\\\/#organization\"},\"potentialAction\":[{\"@type\":\"SearchAction\",\"target\":{\"@type\":\"EntryPoint\",\"urlTemplate\":\"https:\\\/\\\/hmcsviagens.pt\\\/?s={search_term_string}\"},\"query-input\":{\"@type\":\"PropertyValueSpecification\",\"valueRequired\":true,\"valueName\":\"search_term_string\"}}],\"inLanguage\":\"pt-PT\"},{\"@type\":\"Organization\",\"@id\":\"https:\\\/\\\/hmcsviagens.pt\\\/#organization\",\"name\":\"HMCS viagens\",\"url\":\"https:\\\/\\\/hmcsviagens.pt\\\/\",\"logo\":{\"@type\":\"ImageObject\",\"inLanguage\":\"pt-PT\",\"@id\":\"https:\\\/\\\/hmcsviagens.pt\\\/#\\\/schema\\\/logo\\\/image\\\/\",\"url\":\"https:\\\/\\\/hmcsviagens.pt\\\/wp-content\\\/uploads\\\/2021\\\/03\\\/logo-hmcs-viagens-quad-br-02-01.png\",\"contentUrl\":\"https:\\\/\\\/hmcsviagens.pt\\\/wp-content\\\/uploads\\\/2021\\\/03\\\/logo-hmcs-viagens-quad-br-02-01.png\",\"width\":2250,\"height\":1210,\"caption\":\"HMCS viagens\"},\"image\":{\"@id\":\"https:\\\/\\\/hmcsviagens.pt\\\/#\\\/schema\\\/logo\\\/image\\\/\"},\"sameAs\":[\"https:\\\/\\\/www.facebook.com\\\/hmcsviagens\",\"https:\\\/\\\/www.instagram.com\\\/hmcsviagens\",\"https:\\\/\\\/www.linkedin.com\\\/company\\\/hmcsviagens\",\"https:\\\/\\\/www.pinterest.pt\\\/hmcsviagens\",\"https:\\\/\\\/www.youtube.com\\\/channel\\\/UCAvTyhGTW4S5VCpFgRM3YQw\"]}]}<\/script>\n<!-- \/ Yoast SEO plugin. -->","yoast_head_json":{"title":"WP Travel Dashboard - HMCS viagens","robots":{"index":"index","follow":"follow","max-snippet":"max-snippet:-1","max-image-preview":"max-image-preview:large","max-video-preview":"max-video-preview:-1"},"canonical":"https:\/\/hmcsviagens.pt\/index.php\/wp-travel-dashboard\/","og_locale":"pt_PT","og_type":"article","og_title":"WP Travel Dashboard - HMCS viagens","og_url":"https:\/\/hmcsviagens.pt\/index.php\/wp-travel-dashboard\/","og_site_name":"HMCS viagens","article_publisher":"https:\/\/www.facebook.com\/hmcsviagens","twitter_card":"summary_large_image","schema":{"@context":"https:\/\/schema.org","@graph":[{"@type":"WebPage","@id":"https:\/\/hmcsviagens.pt\/index.php\/wp-travel-dashboard\/","url":"https:\/\/hmcsviagens.pt\/index.php\/wp-travel-dashboard\/","name":"WP Travel Dashboard - HMCS viagens","isPartOf":{"@id":"https:\/\/hmcsviagens.pt\/#website"},"datePublished":"2021-02-03T16:12:03+00:00","breadcrumb":{"@id":"https:\/\/hmcsviagens.pt\/index.php\/wp-travel-dashboard\/#breadcrumb"},"inLanguage":"pt-PT","potentialAction":[{"@type":"ReadAction","target":["https:\/\/hmcsviagens.pt\/index.php\/wp-travel-dashboard\/"]}]},{"@type":"BreadcrumbList","@id":"https:\/\/hmcsviagens.pt\/index.php\/wp-travel-dashboard\/#breadcrumb","itemListElement":[{"@type":"ListItem","position":1,"name":"Home","item":"https:\/\/hmcsviagens.pt\/"},{"@type":"ListItem","position":2,"name":"WP Travel Dashboard"}]},{"@type":"WebSite","@id":"https:\/\/hmcsviagens.pt\/#website","url":"https:\/\/hmcsviagens.pt\/","name":"HMCS viagens","description":"Viagens de neg\u00f3cios, luas de mel, programas para escapadinhas, viagens \u00e0 medida, hot\u00e9is, hot\u00e9is de luxo, voos, transfers, excurs\u00f5es. Reserve na HMCS Viagens","publisher":{"@id":"https:\/\/hmcsviagens.pt\/#organization"},"potentialAction":[{"@type":"SearchAction","target":{"@type":"EntryPoint","urlTemplate":"https:\/\/hmcsviagens.pt\/?s={search_term_string}"},"query-input":{"@type":"PropertyValueSpecification","valueRequired":true,"valueName":"search_term_string"}}],"inLanguage":"pt-PT"},{"@type":"Organization","@id":"https:\/\/hmcsviagens.pt\/#organization","name":"HMCS viagens","url":"https:\/\/hmcsviagens.pt\/","logo":{"@type":"ImageObject","inLanguage":"pt-PT","@id":"https:\/\/hmcsviagens.pt\/#\/schema\/logo\/image\/","url":"https:\/\/hmcsviagens.pt\/wp-content\/uploads\/2021\/03\/logo-hmcs-viagens-quad-br-02-01.png","contentUrl":"https:\/\/hmcsviagens.pt\/wp-content\/uploads\/2021\/03\/logo-hmcs-viagens-quad-br-02-01.png","width":2250,"height":1210,"caption":"HMCS viagens"},"image":{"@id":"https:\/\/hmcsviagens.pt\/#\/schema\/logo\/image\/"},"sameAs":["https:\/\/www.facebook.com\/hmcsviagens","https:\/\/www.instagram.com\/hmcsviagens","https:\/\/www.linkedin.com\/company\/hmcsviagens","https:\/\/www.pinterest.pt\/hmcsviagens","https:\/\/www.youtube.com\/channel\/UCAvTyhGTW4S5VCpFgRM3YQw"]}]}},"jetpack_sharing_enabled":true,"_links":{"self":[{"href":"https:\/\/hmcsviagens.pt\/index.php\/wp-json\/wp\/v2\/pages\/10","targetHints":{"allow":["GET"]}}],"collection":[{"href":"https:\/\/hmcsviagens.pt\/index.php\/wp-json\/wp\/v2\/pages"}],"about":[{"href":"https:\/\/hmcsviagens.pt\/index.php\/wp-json\/wp\/v2\/types\/page"}],"author":[{"embeddable":true,"href":"https:\/\/hmcsviagens.pt\/index.php\/wp-json\/wp\/v2\/users\/1"}],"replies":[{"embeddable":true,"href":"https:\/\/hmcsviagens.pt\/index.php\/wp-json\/wp\/v2\/comments?post=10"}],"version-history":[{"count":0,"href":"https:\/\/hmcsviagens.pt\/index.php\/wp-json\/wp\/v2\/pages\/10\/revisions"}],"wp:attachment":[{"href":"https:\/\/hmcsviagens.pt\/index.php\/wp-json\/wp\/v2\/media?parent=10"}],"curies":[{"name":"wp","href":"https:\/\/api.w.org\/{rel}","templated":true}]}}