{"id":1028,"date":"2021-11-18T10:50:58","date_gmt":"2021-11-18T10:50:58","guid":{"rendered":"https:\/\/hmcsviagens.pt\/?page_id=1028"},"modified":"2022-12-22T17:07:14","modified_gmt":"2022-12-22T17:07:14","slug":"zanzibar","status":"publish","type":"page","link":"https:\/\/hmcsviagens.pt\/index.php\/zanzibar\/","title":{"rendered":"Zanzibar"},"content":{"rendered":"\n<p>Mais conhecida como Unguja pelos habitantes da ilha, Zanzibar pertence ao arquip\u00e9lago com o mesmo nome que inclui tamb\u00e9m nos arredores mais cinquenta ilhas pequenas, fica a aproximadamente a 40kl da Tanz\u00e2nia, e tem barreiras de corais espl\u00eandidas e uma cultura muito especial, a cultura Swahili estes est\u00e3o conectados \u00e1 religi\u00e3o mu\u00e7ulmana, vestem se de panos de algod\u00e3o coloridos. A cozinha Swahili \u00e9 muito especial com toques de v\u00e1rias partes do mundo, \u00e9 comum ser muito picante. O noroeste da ilha \u00e9 um para\u00edso de intensos perfumes vegetais, onde cresce canela, baunilha, n\u00f3s moscada, gengibre, e arvores como borracha, sab\u00e3o e baunilha.<\/p>\n\n\n\n<p> Os navegadores do S\u00e9c. XIX sabiam que estavam a chegar perto da ilha devido ao aroma dela de especiarias. <\/p>\n\n\n\n<figure class=\"wp-block-gallery has-nested-images columns-default is-cropped wp-block-gallery-1 is-layout-flex wp-block-gallery-is-layout-flex\">\n<figure class=\"wp-block-image size-large\"><img loading=\"lazy\" decoding=\"async\" width=\"940\" height=\"788\" data-id=\"1032\" src=\"https:\/\/hmcsviagens.pt\/wp-content\/uploads\/2021\/11\/2-6.png\" alt=\"\" class=\"wp-image-1032\" srcset=\"https:\/\/hmcsviagens.pt\/wp-content\/uploads\/2021\/11\/2-6.png 940w, https:\/\/hmcsviagens.pt\/wp-content\/uploads\/2021\/11\/2-6-300x251.png 300w, https:\/\/hmcsviagens.pt\/wp-content\/uploads\/2021\/11\/2-6-768x644.png 768w\" sizes=\"auto, (max-width: 940px) 100vw, 940px\" \/><figcaption class=\"wp-element-caption\">Cultura Swahili<\/figcaption><\/figure>\n<\/figure>\n\n\n\n<p><\/p>\n\n\n\n<p><strong>Stonetown \u00e9 a capital de Zanzibar<\/strong>, est\u00e1 classifica como patrim\u00f4nio mundial, quando a visitamos \u00e9 como fazer uma viagem no tempo. Os pal\u00e1cios de origem \u00cdndia e \u00c1rabe, as casas de traficantes antigos, as ricas portas de madeira e os restos de masmorras que recordam a hist\u00f3ria da ilha;<\/p>\n\n\n\n<p><strong>Ilha da Pris\u00e3o<\/strong>&#8211; Ilha pequena, onde nela habitam as tartarugas gigantes;<\/p>\n\n\n\n<p><strong>Ilha da chumba<\/strong>&#8211; \u00c9 uma reserva Florestal privada; <\/p>\n\n\n\n<p><strong>Kizimkazi<\/strong>&#8211; Reserva mais antiga da \u00c1frica Ocidental;<\/p>\n\n\n\n<p><strong>Bosque de Jozani<\/strong>&#8211; \u00danico parque natural de Zanzibar;<\/p>\n\n\n\n<p><strong>Costa Norte<\/strong>&#8211; Nesta ilha n\u00e3o existe problema com as altera\u00e7\u00f5es das mares ent\u00e3o \u00e9 um local muito interessante para se visitar e passar a noite;<\/p>\n\n\n\n<p><strong>Ilha Pemba<\/strong>&#8211; Ilha pequena com um aspeto mais montanhoso;<\/p>\n\n\n\n<p><strong>Ilha da M\u00e1fia<\/strong>&#8211; Esta ilha \u00e9 pouco conhecida, mas \u00e9 muito bonita e tem uma paisagem espetacular.<\/p>\n\n\n\n<p><\/p>\n\n\n\n<figure class=\"wp-block-gallery has-nested-images columns-default is-cropped wp-block-gallery-2 is-layout-flex wp-block-gallery-is-layout-flex\">\n<figure class=\"wp-block-image size-large\"><img loading=\"lazy\" decoding=\"async\" width=\"940\" height=\"788\" data-id=\"1033\" src=\"https:\/\/hmcsviagens.pt\/wp-content\/uploads\/2021\/11\/3-5.png\" alt=\"\" class=\"wp-image-1033\" srcset=\"https:\/\/hmcsviagens.pt\/wp-content\/uploads\/2021\/11\/3-5.png 940w, https:\/\/hmcsviagens.pt\/wp-content\/uploads\/2021\/11\/3-5-300x251.png 300w, https:\/\/hmcsviagens.pt\/wp-content\/uploads\/2021\/11\/3-5-768x644.png 768w\" sizes=\"auto, (max-width: 940px) 100vw, 940px\" \/><figcaption class=\"wp-element-caption\">Tartarugas Gigantes <\/figcaption><\/figure>\n<\/figure>\n\n\n\n<p><\/p>\n\n\n\n<h2 class=\"wp-block-heading\"><strong>Hot\u00e9is recomendados <\/strong>:<\/h2>\n\n\n\n<p><\/p>\n\n\n\n<ul class=\"wp-block-list\">\n<li>Gold Zanzibar Beach House&amp;Spa- 5*<\/li>\n\n\n\n<li>Melia Zanzibar- 5* <\/li>\n\n\n\n<li>Diamonds Mapenzi Beach- 4*<\/li>\n\n\n\n<li>Sandies Baobab Beach- 4* <\/li>\n\n\n\n<li>Zambleuu Beach-  4*<\/li>\n\n\n\n<li>The Residence Zanzibar- 5*<\/li>\n\n\n\n<li>Riu Palace Zanzibar- 5*<\/li>\n\n\n\n<li>Zuri Zanzibar Hotel&amp;Resort- 5*<\/li>\n\n\n\n<li>Tulia Zanzibar- 5*<\/li>\n<\/ul>\n\n\n\n<p><\/p>\n\n\n\n<figure class=\"wp-block-gallery has-nested-images columns-default is-cropped wp-block-gallery-3 is-layout-flex wp-block-gallery-is-layout-flex\">\n<figure class=\"wp-block-image size-large\"><img loading=\"lazy\" decoding=\"async\" width=\"940\" height=\"788\" data-id=\"1031\" src=\"https:\/\/hmcsviagens.pt\/wp-content\/uploads\/2021\/11\/1-6.png\" alt=\"\" class=\"wp-image-1031\" srcset=\"https:\/\/hmcsviagens.pt\/wp-content\/uploads\/2021\/11\/1-6.png 940w, https:\/\/hmcsviagens.pt\/wp-content\/uploads\/2021\/11\/1-6-300x251.png 300w, https:\/\/hmcsviagens.pt\/wp-content\/uploads\/2021\/11\/1-6-768x644.png 768w\" sizes=\"auto, (max-width: 940px) 100vw, 940px\" \/><\/figure>\n<\/figure>\n","protected":false},"excerpt":{"rendered":"<p>Mais conhecida como Unguja pelos habitantes da ilha, Zanzibar pertence ao arquip\u00e9lago com o mesmo nome que inclui tamb\u00e9m nos arredores mais cinquenta ilhas pequenas, fica a aproximadamente a 40kl da Tanz\u00e2nia, e tem barreiras de corais espl\u00eandidas e uma cultura muito especial, a cultura Swahili estes est\u00e3o conectados \u00e1 religi\u00e3o mu\u00e7ulmana, vestem se de panos de algod\u00e3o coloridos. <\/p>\n","protected":false},"author":1,"featured_media":1032,"parent":0,"menu_order":0,"comment_status":"closed","ping_status":"closed","template":"","meta":{"_monsterinsights_skip_tracking":false,"_monsterinsights_sitenote_active":false,"_monsterinsights_sitenote_note":"","_monsterinsights_sitenote_category":0,"footnotes":""},"class_list":["post-1028","page","type-page","status-publish","has-post-thumbnail","hentry"],"yoast_head":"<!-- This site is optimized with the Yoast SEO plugin v27.4 - https:\/\/yoast.com\/product\/yoast-seo-wordpress\/ -->\n<title>Zanzibar - HMCS viagens<\/title>\n<meta name=\"description\" content=\"Mais conhecida como Unguja pelos habitantes da ilha, Zanzibar pertence ao arquip\u00e9lago com o mesmo nome que inclui tamb\u00e9m nos arredores mai...\" \/>\n<meta name=\"robots\" content=\"index, follow, max-snippet:-1, max-image-preview:large, max-video-preview:-1\" \/>\n<link rel=\"canonical\" href=\"https:\/\/hmcsviagens.pt\/index.php\/zanzibar\/\" \/>\n<meta property=\"og:locale\" content=\"pt_PT\" \/>\n<meta property=\"og:type\" content=\"article\" \/>\n<meta property=\"og:title\" content=\"Zanzibar - HMCS viagens\" \/>\n<meta property=\"og:description\" content=\"Mais conhecida como Unguja pelos habitantes da ilha, Zanzibar pertence ao arquip\u00e9lago com o mesmo nome que inclui tamb\u00e9m nos arredores mai...\" \/>\n<meta property=\"og:url\" content=\"https:\/\/hmcsviagens.pt\/index.php\/zanzibar\/\" \/>\n<meta property=\"og:site_name\" content=\"HMCS viagens\" \/>\n<meta property=\"article:publisher\" content=\"https:\/\/www.facebook.com\/hmcsviagens\" \/>\n<meta property=\"article:modified_time\" content=\"2022-12-22T17:07:14+00:00\" \/>\n<meta property=\"og:image\" content=\"https:\/\/hmcsviagens.pt\/wp-content\/uploads\/2021\/11\/2-6.png\" \/>\n\t<meta property=\"og:image:width\" content=\"940\" \/>\n\t<meta property=\"og:image:height\" content=\"788\" \/>\n\t<meta property=\"og:image:type\" content=\"image\/png\" \/>\n<meta name=\"twitter:card\" content=\"summary_large_image\" \/>\n<meta name=\"twitter:label1\" content=\"Tempo estimado de leitura\" \/>\n\t<meta name=\"twitter:data1\" content=\"3 minutos\" \/>\n<script type=\"application\/ld+json\" class=\"yoast-schema-graph\">{\"@context\":\"https:\\\/\\\/schema.org\",\"@graph\":[{\"@type\":\"WebPage\",\"@id\":\"https:\\\/\\\/hmcsviagens.pt\\\/index.php\\\/zanzibar\\\/\",\"url\":\"https:\\\/\\\/hmcsviagens.pt\\\/index.php\\\/zanzibar\\\/\",\"name\":\"Zanzibar - HMCS viagens\",\"isPartOf\":{\"@id\":\"https:\\\/\\\/hmcsviagens.pt\\\/#website\"},\"primaryImageOfPage\":{\"@id\":\"https:\\\/\\\/hmcsviagens.pt\\\/index.php\\\/zanzibar\\\/#primaryimage\"},\"image\":{\"@id\":\"https:\\\/\\\/hmcsviagens.pt\\\/index.php\\\/zanzibar\\\/#primaryimage\"},\"thumbnailUrl\":\"https:\\\/\\\/hmcsviagens.pt\\\/wp-content\\\/uploads\\\/2021\\\/11\\\/2-6.png\",\"datePublished\":\"2021-11-18T10:50:58+00:00\",\"dateModified\":\"2022-12-22T17:07:14+00:00\",\"description\":\"Mais conhecida como Unguja pelos habitantes da ilha, Zanzibar pertence ao arquip\u00e9lago com o mesmo nome que inclui tamb\u00e9m nos arredores mai...\",\"breadcrumb\":{\"@id\":\"https:\\\/\\\/hmcsviagens.pt\\\/index.php\\\/zanzibar\\\/#breadcrumb\"},\"inLanguage\":\"pt-PT\",\"potentialAction\":[{\"@type\":\"ReadAction\",\"target\":[\"https:\\\/\\\/hmcsviagens.pt\\\/index.php\\\/zanzibar\\\/\"]}]},{\"@type\":\"ImageObject\",\"inLanguage\":\"pt-PT\",\"@id\":\"https:\\\/\\\/hmcsviagens.pt\\\/index.php\\\/zanzibar\\\/#primaryimage\",\"url\":\"https:\\\/\\\/hmcsviagens.pt\\\/wp-content\\\/uploads\\\/2021\\\/11\\\/2-6.png\",\"contentUrl\":\"https:\\\/\\\/hmcsviagens.pt\\\/wp-content\\\/uploads\\\/2021\\\/11\\\/2-6.png\",\"width\":940,\"height\":788},{\"@type\":\"BreadcrumbList\",\"@id\":\"https:\\\/\\\/hmcsviagens.pt\\\/index.php\\\/zanzibar\\\/#breadcrumb\",\"itemListElement\":[{\"@type\":\"ListItem\",\"position\":1,\"name\":\"Home\",\"item\":\"https:\\\/\\\/hmcsviagens.pt\\\/\"},{\"@type\":\"ListItem\",\"position\":2,\"name\":\"Zanzibar\"}]},{\"@type\":\"WebSite\",\"@id\":\"https:\\\/\\\/hmcsviagens.pt\\\/#website\",\"url\":\"https:\\\/\\\/hmcsviagens.pt\\\/\",\"name\":\"HMCS viagens\",\"description\":\"Viagens de neg\u00f3cios, luas de mel, programas para escapadinhas, viagens \u00e0 medida, hot\u00e9is, hot\u00e9is de luxo, voos, transfers, excurs\u00f5es. Reserve na HMCS Viagens\",\"publisher\":{\"@id\":\"https:\\\/\\\/hmcsviagens.pt\\\/#organization\"},\"potentialAction\":[{\"@type\":\"SearchAction\",\"target\":{\"@type\":\"EntryPoint\",\"urlTemplate\":\"https:\\\/\\\/hmcsviagens.pt\\\/?s={search_term_string}\"},\"query-input\":{\"@type\":\"PropertyValueSpecification\",\"valueRequired\":true,\"valueName\":\"search_term_string\"}}],\"inLanguage\":\"pt-PT\"},{\"@type\":\"Organization\",\"@id\":\"https:\\\/\\\/hmcsviagens.pt\\\/#organization\",\"name\":\"HMCS viagens\",\"url\":\"https:\\\/\\\/hmcsviagens.pt\\\/\",\"logo\":{\"@type\":\"ImageObject\",\"inLanguage\":\"pt-PT\",\"@id\":\"https:\\\/\\\/hmcsviagens.pt\\\/#\\\/schema\\\/logo\\\/image\\\/\",\"url\":\"https:\\\/\\\/hmcsviagens.pt\\\/wp-content\\\/uploads\\\/2021\\\/03\\\/logo-hmcs-viagens-quad-br-02-01.png\",\"contentUrl\":\"https:\\\/\\\/hmcsviagens.pt\\\/wp-content\\\/uploads\\\/2021\\\/03\\\/logo-hmcs-viagens-quad-br-02-01.png\",\"width\":2250,\"height\":1210,\"caption\":\"HMCS viagens\"},\"image\":{\"@id\":\"https:\\\/\\\/hmcsviagens.pt\\\/#\\\/schema\\\/logo\\\/image\\\/\"},\"sameAs\":[\"https:\\\/\\\/www.facebook.com\\\/hmcsviagens\",\"https:\\\/\\\/www.instagram.com\\\/hmcsviagens\",\"https:\\\/\\\/www.linkedin.com\\\/company\\\/hmcsviagens\",\"https:\\\/\\\/www.pinterest.pt\\\/hmcsviagens\",\"https:\\\/\\\/www.youtube.com\\\/channel\\\/UCAvTyhGTW4S5VCpFgRM3YQw\"]}]}<\/script>\n<!-- \/ Yoast SEO plugin. -->","yoast_head_json":{"title":"Zanzibar - HMCS viagens","description":"Mais conhecida como Unguja pelos habitantes da ilha, Zanzibar pertence ao arquip\u00e9lago com o mesmo nome que inclui tamb\u00e9m nos arredores mai...","robots":{"index":"index","follow":"follow","max-snippet":"max-snippet:-1","max-image-preview":"max-image-preview:large","max-video-preview":"max-video-preview:-1"},"canonical":"https:\/\/hmcsviagens.pt\/index.php\/zanzibar\/","og_locale":"pt_PT","og_type":"article","og_title":"Zanzibar - HMCS viagens","og_description":"Mais conhecida como Unguja pelos habitantes da ilha, Zanzibar pertence ao arquip\u00e9lago com o mesmo nome que inclui tamb\u00e9m nos arredores mai...","og_url":"https:\/\/hmcsviagens.pt\/index.php\/zanzibar\/","og_site_name":"HMCS viagens","article_publisher":"https:\/\/www.facebook.com\/hmcsviagens","article_modified_time":"2022-12-22T17:07:14+00:00","og_image":[{"width":940,"height":788,"url":"https:\/\/hmcsviagens.pt\/wp-content\/uploads\/2021\/11\/2-6.png","type":"image\/png"}],"twitter_card":"summary_large_image","twitter_misc":{"Tempo estimado de leitura":"3 minutos"},"schema":{"@context":"https:\/\/schema.org","@graph":[{"@type":"WebPage","@id":"https:\/\/hmcsviagens.pt\/index.php\/zanzibar\/","url":"https:\/\/hmcsviagens.pt\/index.php\/zanzibar\/","name":"Zanzibar - HMCS viagens","isPartOf":{"@id":"https:\/\/hmcsviagens.pt\/#website"},"primaryImageOfPage":{"@id":"https:\/\/hmcsviagens.pt\/index.php\/zanzibar\/#primaryimage"},"image":{"@id":"https:\/\/hmcsviagens.pt\/index.php\/zanzibar\/#primaryimage"},"thumbnailUrl":"https:\/\/hmcsviagens.pt\/wp-content\/uploads\/2021\/11\/2-6.png","datePublished":"2021-11-18T10:50:58+00:00","dateModified":"2022-12-22T17:07:14+00:00","description":"Mais conhecida como Unguja pelos habitantes da ilha, Zanzibar pertence ao arquip\u00e9lago com o mesmo nome que inclui tamb\u00e9m nos arredores mai...","breadcrumb":{"@id":"https:\/\/hmcsviagens.pt\/index.php\/zanzibar\/#breadcrumb"},"inLanguage":"pt-PT","potentialAction":[{"@type":"ReadAction","target":["https:\/\/hmcsviagens.pt\/index.php\/zanzibar\/"]}]},{"@type":"ImageObject","inLanguage":"pt-PT","@id":"https:\/\/hmcsviagens.pt\/index.php\/zanzibar\/#primaryimage","url":"https:\/\/hmcsviagens.pt\/wp-content\/uploads\/2021\/11\/2-6.png","contentUrl":"https:\/\/hmcsviagens.pt\/wp-content\/uploads\/2021\/11\/2-6.png","width":940,"height":788},{"@type":"BreadcrumbList","@id":"https:\/\/hmcsviagens.pt\/index.php\/zanzibar\/#breadcrumb","itemListElement":[{"@type":"ListItem","position":1,"name":"Home","item":"https:\/\/hmcsviagens.pt\/"},{"@type":"ListItem","position":2,"name":"Zanzibar"}]},{"@type":"WebSite","@id":"https:\/\/hmcsviagens.pt\/#website","url":"https:\/\/hmcsviagens.pt\/","name":"HMCS viagens","description":"Viagens de neg\u00f3cios, luas de mel, programas para escapadinhas, viagens \u00e0 medida, hot\u00e9is, hot\u00e9is de luxo, voos, transfers, excurs\u00f5es. Reserve na HMCS Viagens","publisher":{"@id":"https:\/\/hmcsviagens.pt\/#organization"},"potentialAction":[{"@type":"SearchAction","target":{"@type":"EntryPoint","urlTemplate":"https:\/\/hmcsviagens.pt\/?s={search_term_string}"},"query-input":{"@type":"PropertyValueSpecification","valueRequired":true,"valueName":"search_term_string"}}],"inLanguage":"pt-PT"},{"@type":"Organization","@id":"https:\/\/hmcsviagens.pt\/#organization","name":"HMCS viagens","url":"https:\/\/hmcsviagens.pt\/","logo":{"@type":"ImageObject","inLanguage":"pt-PT","@id":"https:\/\/hmcsviagens.pt\/#\/schema\/logo\/image\/","url":"https:\/\/hmcsviagens.pt\/wp-content\/uploads\/2021\/03\/logo-hmcs-viagens-quad-br-02-01.png","contentUrl":"https:\/\/hmcsviagens.pt\/wp-content\/uploads\/2021\/03\/logo-hmcs-viagens-quad-br-02-01.png","width":2250,"height":1210,"caption":"HMCS viagens"},"image":{"@id":"https:\/\/hmcsviagens.pt\/#\/schema\/logo\/image\/"},"sameAs":["https:\/\/www.facebook.com\/hmcsviagens","https:\/\/www.instagram.com\/hmcsviagens","https:\/\/www.linkedin.com\/company\/hmcsviagens","https:\/\/www.pinterest.pt\/hmcsviagens","https:\/\/www.youtube.com\/channel\/UCAvTyhGTW4S5VCpFgRM3YQw"]}]}},"jetpack_sharing_enabled":true,"_links":{"self":[{"href":"https:\/\/hmcsviagens.pt\/index.php\/wp-json\/wp\/v2\/pages\/1028","targetHints":{"allow":["GET"]}}],"collection":[{"href":"https:\/\/hmcsviagens.pt\/index.php\/wp-json\/wp\/v2\/pages"}],"about":[{"href":"https:\/\/hmcsviagens.pt\/index.php\/wp-json\/wp\/v2\/types\/page"}],"author":[{"embeddable":true,"href":"https:\/\/hmcsviagens.pt\/index.php\/wp-json\/wp\/v2\/users\/1"}],"replies":[{"embeddable":true,"href":"https:\/\/hmcsviagens.pt\/index.php\/wp-json\/wp\/v2\/comments?post=1028"}],"version-history":[{"count":0,"href":"https:\/\/hmcsviagens.pt\/index.php\/wp-json\/wp\/v2\/pages\/1028\/revisions"}],"wp:featuredmedia":[{"embeddable":true,"href":"https:\/\/hmcsviagens.pt\/index.php\/wp-json\/wp\/v2\/media\/1032"}],"wp:attachment":[{"href":"https:\/\/hmcsviagens.pt\/index.php\/wp-json\/wp\/v2\/media?parent=1028"}],"curies":[{"name":"wp","href":"https:\/\/api.w.org\/{rel}","templated":true}]}}