{"id":1198,"date":"2022-12-22T17:12:55","date_gmt":"2022-12-22T17:12:55","guid":{"rendered":"https:\/\/hmcsviagens.pt\/?page_id=1198"},"modified":"2022-12-22T17:13:08","modified_gmt":"2022-12-22T17:13:08","slug":"alemanha","status":"publish","type":"page","link":"https:\/\/hmcsviagens.pt\/index.php\/alemanha\/","title":{"rendered":"Alemanha"},"content":{"rendered":"\n<p>Os aficionados por castelos encontrar\u00e3o aqui uma variedade enorme! H\u00e1 cerca de 25.000 castelos por toda a Alemanha! Casas constroem-se por todo o mundo, mas n\u00e3o existe mais nenhum pa\u00eds com tanta riqueza em casas de madeira como a Alemanha: por volta de 2,5 milh\u00f5es de edif\u00edcios. <\/p>\n\n\n\n<p>Zugspitze \u00e9 o ponto mais alto com 2962 metros sobre o n\u00edvel do mar, o que o torna um miradouro espetacular por si s\u00f3. A Floresta Negra \u00e9 uma das regi\u00f5es recreativas mais belas: picos panor\u00e1micos, quintas r\u00fasticas, florestas densas, cultura e tradi\u00e7\u00e3o!<\/p>\n\n\n\n<p>A Bratwurst \u00e9 um \u00edcone alem\u00e3o. De acordo com a associa\u00e7\u00e3o de talhantes, os alem\u00e3es consomem cerca de tr\u00eas quilos per capita por ano.<\/p>\n\n\n\n<p>Os Rel\u00f3gios de cuco mundialmente famosos t\u00eam sido feitos na Floresta Negra desde o s\u00e9culo XVIII. Durante os longos meses de Inverno, eram esculpidos em madeira em quintas artesanais.<\/p>\n\n\n\n<p>Na Alemanha, os calend\u00e1rios de Advento fazem parte da \u00e9poca pr\u00e9-natal\u00edcia, tal como os biscoitos e o vinho quente com especiarias. Actualmente, cerca de 5.000 tipos diferentes de cerveja s\u00e3o produzidos em cerca de 1.300 cervejeiras.<\/p>\n\n\n\n<p>A Galeria East Side em Berlin-Friedrichshain representa um trecho de 1,3 quil\u00f3metros do Muro de Berlim que tem sido preservado at\u00e9 hoje. centros urbanos, ruas e pra\u00e7as<br>A regi\u00e3o sul da Alemanha \u00e9 conhecida n\u00e3o s\u00f3 pelos seus luxuriantes prados verdes, mas tamb\u00e9m pelo seu clima sempre agrad\u00e1vel.<br>Os mercados de Natal, cada um com o seu pr\u00f3prio encanto especial, s\u00e3o outros dos ex-l\u00edbris deste pa\u00eds. Numerosas cidades e aldeias decoram os seus centros urbanos, ruas e pra\u00e7as.<br><br><\/p>\n\n\n\n<figure class=\"wp-block-image size-large\"><img loading=\"lazy\" decoding=\"async\" width=\"1024\" height=\"577\" src=\"https:\/\/hmcsviagens.pt\/wp-content\/uploads\/2022\/10\/8-1024x577.png\" alt=\"\" class=\"wp-image-1179\" srcset=\"https:\/\/hmcsviagens.pt\/wp-content\/uploads\/2022\/10\/8-1024x577.png 1024w, https:\/\/hmcsviagens.pt\/wp-content\/uploads\/2022\/10\/8-300x169.png 300w, https:\/\/hmcsviagens.pt\/wp-content\/uploads\/2022\/10\/8-768x433.png 768w, https:\/\/hmcsviagens.pt\/wp-content\/uploads\/2022\/10\/8-1536x865.png 1536w, https:\/\/hmcsviagens.pt\/wp-content\/uploads\/2022\/10\/8.png 1640w\" sizes=\"auto, (max-width: 1024px) 100vw, 1024px\" \/><\/figure>\n\n\n\n<p><\/p>\n","protected":false},"excerpt":{"rendered":"<p>Os aficionados por castelos encontrar\u00e3o aqui uma variedade enorme! H\u00e1 cerca de 25.000 castelos por toda a Alemanha! Casas constroem-se por todo o mundo, mas n\u00e3o existe mais nenhum pa\u00eds com tanta riqueza em casas de madeira como a Alemanha: por volta de 2,5 milh\u00f5es de edif\u00edcios. <\/p>\n","protected":false},"author":1,"featured_media":1183,"parent":0,"menu_order":0,"comment_status":"closed","ping_status":"closed","template":"","meta":{"_monsterinsights_skip_tracking":false,"_monsterinsights_sitenote_active":false,"_monsterinsights_sitenote_note":"","_monsterinsights_sitenote_category":0,"footnotes":""},"class_list":["post-1198","page","type-page","status-publish","has-post-thumbnail","hentry"],"yoast_head":"<!-- This site is optimized with the Yoast SEO plugin v27.4 - https:\/\/yoast.com\/product\/yoast-seo-wordpress\/ -->\n<title>Alemanha - HMCS viagens<\/title>\n<meta name=\"description\" content=\"Os aficionados por castelos encontrar\u00e3o aqui uma variedade enorme! H\u00e1 cerca de 25.000 castelos por toda a Alemanha!\" \/>\n<meta name=\"robots\" content=\"index, follow, max-snippet:-1, max-image-preview:large, max-video-preview:-1\" \/>\n<link rel=\"canonical\" href=\"https:\/\/hmcsviagens.pt\/index.php\/alemanha\/\" \/>\n<meta property=\"og:locale\" content=\"pt_PT\" \/>\n<meta property=\"og:type\" content=\"article\" \/>\n<meta property=\"og:title\" content=\"Alemanha - HMCS viagens\" \/>\n<meta property=\"og:description\" content=\"Os aficionados por castelos encontrar\u00e3o aqui uma variedade enorme! H\u00e1 cerca de 25.000 castelos por toda a Alemanha!\" \/>\n<meta property=\"og:url\" content=\"https:\/\/hmcsviagens.pt\/index.php\/alemanha\/\" \/>\n<meta property=\"og:site_name\" content=\"HMCS viagens\" \/>\n<meta property=\"article:publisher\" content=\"https:\/\/www.facebook.com\/hmcsviagens\" \/>\n<meta property=\"article:modified_time\" content=\"2022-12-22T17:13:08+00:00\" \/>\n<meta property=\"og:image\" content=\"https:\/\/hmcsviagens.pt\/wp-content\/uploads\/2022\/10\/8-1024x577.png\" \/>\n\t<meta property=\"og:image:width\" content=\"1024\" \/>\n\t<meta property=\"og:image:height\" content=\"577\" \/>\n\t<meta property=\"og:image:type\" content=\"image\/png\" \/>\n<meta name=\"twitter:card\" content=\"summary_large_image\" \/>\n<meta name=\"twitter:label1\" content=\"Tempo estimado de leitura\" \/>\n\t<meta name=\"twitter:data1\" content=\"2 minutos\" \/>\n<script type=\"application\/ld+json\" class=\"yoast-schema-graph\">{\"@context\":\"https:\\\/\\\/schema.org\",\"@graph\":[{\"@type\":\"WebPage\",\"@id\":\"https:\\\/\\\/hmcsviagens.pt\\\/index.php\\\/alemanha\\\/\",\"url\":\"https:\\\/\\\/hmcsviagens.pt\\\/index.php\\\/alemanha\\\/\",\"name\":\"Alemanha - HMCS viagens\",\"isPartOf\":{\"@id\":\"https:\\\/\\\/hmcsviagens.pt\\\/#website\"},\"primaryImageOfPage\":{\"@id\":\"https:\\\/\\\/hmcsviagens.pt\\\/index.php\\\/alemanha\\\/#primaryimage\"},\"image\":{\"@id\":\"https:\\\/\\\/hmcsviagens.pt\\\/index.php\\\/alemanha\\\/#primaryimage\"},\"thumbnailUrl\":\"https:\\\/\\\/hmcsviagens.pt\\\/wp-content\\\/uploads\\\/2022\\\/10\\\/canva-natal.png\",\"datePublished\":\"2022-12-22T17:12:55+00:00\",\"dateModified\":\"2022-12-22T17:13:08+00:00\",\"description\":\"Os aficionados por castelos encontrar\u00e3o aqui uma variedade enorme! H\u00e1 cerca de 25.000 castelos por toda a Alemanha!\",\"breadcrumb\":{\"@id\":\"https:\\\/\\\/hmcsviagens.pt\\\/index.php\\\/alemanha\\\/#breadcrumb\"},\"inLanguage\":\"pt-PT\",\"potentialAction\":[{\"@type\":\"ReadAction\",\"target\":[\"https:\\\/\\\/hmcsviagens.pt\\\/index.php\\\/alemanha\\\/\"]}]},{\"@type\":\"ImageObject\",\"inLanguage\":\"pt-PT\",\"@id\":\"https:\\\/\\\/hmcsviagens.pt\\\/index.php\\\/alemanha\\\/#primaryimage\",\"url\":\"https:\\\/\\\/hmcsviagens.pt\\\/wp-content\\\/uploads\\\/2022\\\/10\\\/canva-natal.png\",\"contentUrl\":\"https:\\\/\\\/hmcsviagens.pt\\\/wp-content\\\/uploads\\\/2022\\\/10\\\/canva-natal.png\",\"width\":1640,\"height\":924,\"caption\":\"Weinhnachtsmarkt Baden-W\u00fcrttemberg\"},{\"@type\":\"BreadcrumbList\",\"@id\":\"https:\\\/\\\/hmcsviagens.pt\\\/index.php\\\/alemanha\\\/#breadcrumb\",\"itemListElement\":[{\"@type\":\"ListItem\",\"position\":1,\"name\":\"Home\",\"item\":\"https:\\\/\\\/hmcsviagens.pt\\\/\"},{\"@type\":\"ListItem\",\"position\":2,\"name\":\"Alemanha\"}]},{\"@type\":\"WebSite\",\"@id\":\"https:\\\/\\\/hmcsviagens.pt\\\/#website\",\"url\":\"https:\\\/\\\/hmcsviagens.pt\\\/\",\"name\":\"HMCS viagens\",\"description\":\"Viagens de neg\u00f3cios, luas de mel, programas para escapadinhas, viagens \u00e0 medida, hot\u00e9is, hot\u00e9is de luxo, voos, transfers, excurs\u00f5es. Reserve na HMCS Viagens\",\"publisher\":{\"@id\":\"https:\\\/\\\/hmcsviagens.pt\\\/#organization\"},\"potentialAction\":[{\"@type\":\"SearchAction\",\"target\":{\"@type\":\"EntryPoint\",\"urlTemplate\":\"https:\\\/\\\/hmcsviagens.pt\\\/?s={search_term_string}\"},\"query-input\":{\"@type\":\"PropertyValueSpecification\",\"valueRequired\":true,\"valueName\":\"search_term_string\"}}],\"inLanguage\":\"pt-PT\"},{\"@type\":\"Organization\",\"@id\":\"https:\\\/\\\/hmcsviagens.pt\\\/#organization\",\"name\":\"HMCS viagens\",\"url\":\"https:\\\/\\\/hmcsviagens.pt\\\/\",\"logo\":{\"@type\":\"ImageObject\",\"inLanguage\":\"pt-PT\",\"@id\":\"https:\\\/\\\/hmcsviagens.pt\\\/#\\\/schema\\\/logo\\\/image\\\/\",\"url\":\"https:\\\/\\\/hmcsviagens.pt\\\/wp-content\\\/uploads\\\/2021\\\/03\\\/logo-hmcs-viagens-quad-br-02-01.png\",\"contentUrl\":\"https:\\\/\\\/hmcsviagens.pt\\\/wp-content\\\/uploads\\\/2021\\\/03\\\/logo-hmcs-viagens-quad-br-02-01.png\",\"width\":2250,\"height\":1210,\"caption\":\"HMCS viagens\"},\"image\":{\"@id\":\"https:\\\/\\\/hmcsviagens.pt\\\/#\\\/schema\\\/logo\\\/image\\\/\"},\"sameAs\":[\"https:\\\/\\\/www.facebook.com\\\/hmcsviagens\",\"https:\\\/\\\/www.instagram.com\\\/hmcsviagens\",\"https:\\\/\\\/www.linkedin.com\\\/company\\\/hmcsviagens\",\"https:\\\/\\\/www.pinterest.pt\\\/hmcsviagens\",\"https:\\\/\\\/www.youtube.com\\\/channel\\\/UCAvTyhGTW4S5VCpFgRM3YQw\"]}]}<\/script>\n<!-- \/ Yoast SEO plugin. -->","yoast_head_json":{"title":"Alemanha - HMCS viagens","description":"Os aficionados por castelos encontrar\u00e3o aqui uma variedade enorme! H\u00e1 cerca de 25.000 castelos por toda a Alemanha!","robots":{"index":"index","follow":"follow","max-snippet":"max-snippet:-1","max-image-preview":"max-image-preview:large","max-video-preview":"max-video-preview:-1"},"canonical":"https:\/\/hmcsviagens.pt\/index.php\/alemanha\/","og_locale":"pt_PT","og_type":"article","og_title":"Alemanha - HMCS viagens","og_description":"Os aficionados por castelos encontrar\u00e3o aqui uma variedade enorme! H\u00e1 cerca de 25.000 castelos por toda a Alemanha!","og_url":"https:\/\/hmcsviagens.pt\/index.php\/alemanha\/","og_site_name":"HMCS viagens","article_publisher":"https:\/\/www.facebook.com\/hmcsviagens","article_modified_time":"2022-12-22T17:13:08+00:00","og_image":[{"width":1024,"height":577,"url":"https:\/\/hmcsviagens.pt\/wp-content\/uploads\/2022\/10\/8-1024x577.png","type":"image\/png"}],"twitter_card":"summary_large_image","twitter_misc":{"Tempo estimado de leitura":"2 minutos"},"schema":{"@context":"https:\/\/schema.org","@graph":[{"@type":"WebPage","@id":"https:\/\/hmcsviagens.pt\/index.php\/alemanha\/","url":"https:\/\/hmcsviagens.pt\/index.php\/alemanha\/","name":"Alemanha - HMCS viagens","isPartOf":{"@id":"https:\/\/hmcsviagens.pt\/#website"},"primaryImageOfPage":{"@id":"https:\/\/hmcsviagens.pt\/index.php\/alemanha\/#primaryimage"},"image":{"@id":"https:\/\/hmcsviagens.pt\/index.php\/alemanha\/#primaryimage"},"thumbnailUrl":"https:\/\/hmcsviagens.pt\/wp-content\/uploads\/2022\/10\/canva-natal.png","datePublished":"2022-12-22T17:12:55+00:00","dateModified":"2022-12-22T17:13:08+00:00","description":"Os aficionados por castelos encontrar\u00e3o aqui uma variedade enorme! H\u00e1 cerca de 25.000 castelos por toda a Alemanha!","breadcrumb":{"@id":"https:\/\/hmcsviagens.pt\/index.php\/alemanha\/#breadcrumb"},"inLanguage":"pt-PT","potentialAction":[{"@type":"ReadAction","target":["https:\/\/hmcsviagens.pt\/index.php\/alemanha\/"]}]},{"@type":"ImageObject","inLanguage":"pt-PT","@id":"https:\/\/hmcsviagens.pt\/index.php\/alemanha\/#primaryimage","url":"https:\/\/hmcsviagens.pt\/wp-content\/uploads\/2022\/10\/canva-natal.png","contentUrl":"https:\/\/hmcsviagens.pt\/wp-content\/uploads\/2022\/10\/canva-natal.png","width":1640,"height":924,"caption":"Weinhnachtsmarkt Baden-W\u00fcrttemberg"},{"@type":"BreadcrumbList","@id":"https:\/\/hmcsviagens.pt\/index.php\/alemanha\/#breadcrumb","itemListElement":[{"@type":"ListItem","position":1,"name":"Home","item":"https:\/\/hmcsviagens.pt\/"},{"@type":"ListItem","position":2,"name":"Alemanha"}]},{"@type":"WebSite","@id":"https:\/\/hmcsviagens.pt\/#website","url":"https:\/\/hmcsviagens.pt\/","name":"HMCS viagens","description":"Viagens de neg\u00f3cios, luas de mel, programas para escapadinhas, viagens \u00e0 medida, hot\u00e9is, hot\u00e9is de luxo, voos, transfers, excurs\u00f5es. Reserve na HMCS Viagens","publisher":{"@id":"https:\/\/hmcsviagens.pt\/#organization"},"potentialAction":[{"@type":"SearchAction","target":{"@type":"EntryPoint","urlTemplate":"https:\/\/hmcsviagens.pt\/?s={search_term_string}"},"query-input":{"@type":"PropertyValueSpecification","valueRequired":true,"valueName":"search_term_string"}}],"inLanguage":"pt-PT"},{"@type":"Organization","@id":"https:\/\/hmcsviagens.pt\/#organization","name":"HMCS viagens","url":"https:\/\/hmcsviagens.pt\/","logo":{"@type":"ImageObject","inLanguage":"pt-PT","@id":"https:\/\/hmcsviagens.pt\/#\/schema\/logo\/image\/","url":"https:\/\/hmcsviagens.pt\/wp-content\/uploads\/2021\/03\/logo-hmcs-viagens-quad-br-02-01.png","contentUrl":"https:\/\/hmcsviagens.pt\/wp-content\/uploads\/2021\/03\/logo-hmcs-viagens-quad-br-02-01.png","width":2250,"height":1210,"caption":"HMCS viagens"},"image":{"@id":"https:\/\/hmcsviagens.pt\/#\/schema\/logo\/image\/"},"sameAs":["https:\/\/www.facebook.com\/hmcsviagens","https:\/\/www.instagram.com\/hmcsviagens","https:\/\/www.linkedin.com\/company\/hmcsviagens","https:\/\/www.pinterest.pt\/hmcsviagens","https:\/\/www.youtube.com\/channel\/UCAvTyhGTW4S5VCpFgRM3YQw"]}]}},"jetpack_sharing_enabled":true,"_links":{"self":[{"href":"https:\/\/hmcsviagens.pt\/index.php\/wp-json\/wp\/v2\/pages\/1198","targetHints":{"allow":["GET"]}}],"collection":[{"href":"https:\/\/hmcsviagens.pt\/index.php\/wp-json\/wp\/v2\/pages"}],"about":[{"href":"https:\/\/hmcsviagens.pt\/index.php\/wp-json\/wp\/v2\/types\/page"}],"author":[{"embeddable":true,"href":"https:\/\/hmcsviagens.pt\/index.php\/wp-json\/wp\/v2\/users\/1"}],"replies":[{"embeddable":true,"href":"https:\/\/hmcsviagens.pt\/index.php\/wp-json\/wp\/v2\/comments?post=1198"}],"version-history":[{"count":0,"href":"https:\/\/hmcsviagens.pt\/index.php\/wp-json\/wp\/v2\/pages\/1198\/revisions"}],"wp:featuredmedia":[{"embeddable":true,"href":"https:\/\/hmcsviagens.pt\/index.php\/wp-json\/wp\/v2\/media\/1183"}],"wp:attachment":[{"href":"https:\/\/hmcsviagens.pt\/index.php\/wp-json\/wp\/v2\/media?parent=1198"}],"curies":[{"name":"wp","href":"https:\/\/api.w.org\/{rel}","templated":true}]}}