{"id":244,"date":"2019-08-26T06:22:39","date_gmt":"2019-08-26T06:22:39","guid":{"rendered":"https:\/\/themepalacedemo.com\/tourist\/?page_id=244"},"modified":"2021-02-04T14:47:03","modified_gmt":"2021-02-04T14:47:03","slug":"nepal","status":"publish","type":"page","link":"https:\/\/hmcsviagens.pt\/index.php\/nepal\/","title":{"rendered":"Nepal"},"content":{"rendered":"<p>O Nepal, oficialmente Rep\u00fablica Democr\u00e1tica Federal do Nepal, \u00e9 um pa\u00eds encravado no Sul da \u00c1sia. Est\u00e1 localizado principalmente nos Himalaias, mas tamb\u00e9m inclui partes da plan\u00edcie Indo-Gang\u00e9tica. Com uma popula\u00e7\u00e3o estimada em 26,4 milh\u00f5es, \u00e9 o 48\u00ba maior pa\u00eds por popula\u00e7\u00e3o e o 93\u00ba maior pa\u00eds por \u00e1rea.<\/p>\n","protected":false},"excerpt":{"rendered":"<p>O Nepal, oficialmente Rep\u00fablica Democr\u00e1tica Federal do Nepal, \u00e9 um pa\u00eds encravado no Sul da \u00c1sia. Est\u00e1 localizado principalmente nos Himalaias, mas tamb\u00e9m inclui partes&hellip;<\/p>\n","protected":false},"author":1,"featured_media":245,"parent":0,"menu_order":0,"comment_status":"closed","ping_status":"closed","template":"","meta":{"_monsterinsights_skip_tracking":false,"_monsterinsights_sitenote_active":false,"_monsterinsights_sitenote_note":"","_monsterinsights_sitenote_category":0,"footnotes":""},"class_list":["post-244","page","type-page","status-publish","has-post-thumbnail","hentry"],"yoast_head":"<!-- This site is optimized with the Yoast SEO plugin v27.4 - https:\/\/yoast.com\/product\/yoast-seo-wordpress\/ -->\n<title>Nepal - HMCS viagens<\/title>\n<meta name=\"robots\" content=\"index, follow, max-snippet:-1, max-image-preview:large, max-video-preview:-1\" \/>\n<link rel=\"canonical\" href=\"https:\/\/hmcsviagens.pt\/index.php\/nepal\/\" \/>\n<meta property=\"og:locale\" content=\"pt_PT\" \/>\n<meta property=\"og:type\" content=\"article\" \/>\n<meta property=\"og:title\" content=\"Nepal - HMCS viagens\" \/>\n<meta property=\"og:description\" content=\"O Nepal, oficialmente Rep\u00fablica Democr\u00e1tica Federal do Nepal, \u00e9 um pa\u00eds encravado no Sul da \u00c1sia. Est\u00e1 localizado principalmente nos Himalaias, mas tamb\u00e9m inclui partes&hellip;\" \/>\n<meta property=\"og:url\" content=\"https:\/\/hmcsviagens.pt\/index.php\/nepal\/\" \/>\n<meta property=\"og:site_name\" content=\"HMCS viagens\" \/>\n<meta property=\"article:publisher\" content=\"https:\/\/www.facebook.com\/hmcsviagens\" \/>\n<meta property=\"article:modified_time\" content=\"2021-02-04T14:47:03+00:00\" \/>\n<meta property=\"og:image\" content=\"https:\/\/hmcsviagens.pt\/wp-content\/uploads\/2019\/08\/town-building-palace-vacation-travel-village-1327326-pxhere.com_-e1566800811162.jpg\" \/>\n\t<meta property=\"og:image:width\" content=\"1920\" \/>\n\t<meta property=\"og:image:height\" content=\"1280\" \/>\n\t<meta property=\"og:image:type\" content=\"image\/jpeg\" \/>\n<meta name=\"twitter:card\" content=\"summary_large_image\" \/>\n<script type=\"application\/ld+json\" class=\"yoast-schema-graph\">{\"@context\":\"https:\\\/\\\/schema.org\",\"@graph\":[{\"@type\":\"WebPage\",\"@id\":\"https:\\\/\\\/hmcsviagens.pt\\\/index.php\\\/nepal\\\/\",\"url\":\"https:\\\/\\\/hmcsviagens.pt\\\/index.php\\\/nepal\\\/\",\"name\":\"Nepal - HMCS viagens\",\"isPartOf\":{\"@id\":\"https:\\\/\\\/hmcsviagens.pt\\\/#website\"},\"primaryImageOfPage\":{\"@id\":\"https:\\\/\\\/hmcsviagens.pt\\\/index.php\\\/nepal\\\/#primaryimage\"},\"image\":{\"@id\":\"https:\\\/\\\/hmcsviagens.pt\\\/index.php\\\/nepal\\\/#primaryimage\"},\"thumbnailUrl\":\"https:\\\/\\\/hmcsviagens.pt\\\/wp-content\\\/uploads\\\/2019\\\/08\\\/town-building-palace-vacation-travel-village-1327326-pxhere.com_-e1566800811162.jpg\",\"datePublished\":\"2019-08-26T06:22:39+00:00\",\"dateModified\":\"2021-02-04T14:47:03+00:00\",\"breadcrumb\":{\"@id\":\"https:\\\/\\\/hmcsviagens.pt\\\/index.php\\\/nepal\\\/#breadcrumb\"},\"inLanguage\":\"pt-PT\",\"potentialAction\":[{\"@type\":\"ReadAction\",\"target\":[\"https:\\\/\\\/hmcsviagens.pt\\\/index.php\\\/nepal\\\/\"]}]},{\"@type\":\"ImageObject\",\"inLanguage\":\"pt-PT\",\"@id\":\"https:\\\/\\\/hmcsviagens.pt\\\/index.php\\\/nepal\\\/#primaryimage\",\"url\":\"https:\\\/\\\/hmcsviagens.pt\\\/wp-content\\\/uploads\\\/2019\\\/08\\\/town-building-palace-vacation-travel-village-1327326-pxhere.com_-e1566800811162.jpg\",\"contentUrl\":\"https:\\\/\\\/hmcsviagens.pt\\\/wp-content\\\/uploads\\\/2019\\\/08\\\/town-building-palace-vacation-travel-village-1327326-pxhere.com_-e1566800811162.jpg\",\"width\":1920,\"height\":1280},{\"@type\":\"BreadcrumbList\",\"@id\":\"https:\\\/\\\/hmcsviagens.pt\\\/index.php\\\/nepal\\\/#breadcrumb\",\"itemListElement\":[{\"@type\":\"ListItem\",\"position\":1,\"name\":\"Home\",\"item\":\"https:\\\/\\\/hmcsviagens.pt\\\/\"},{\"@type\":\"ListItem\",\"position\":2,\"name\":\"Nepal\"}]},{\"@type\":\"WebSite\",\"@id\":\"https:\\\/\\\/hmcsviagens.pt\\\/#website\",\"url\":\"https:\\\/\\\/hmcsviagens.pt\\\/\",\"name\":\"HMCS viagens\",\"description\":\"Viagens de neg\u00f3cios, luas de mel, programas para escapadinhas, viagens \u00e0 medida, hot\u00e9is, hot\u00e9is de luxo, voos, transfers, excurs\u00f5es. Reserve na HMCS Viagens\",\"publisher\":{\"@id\":\"https:\\\/\\\/hmcsviagens.pt\\\/#organization\"},\"potentialAction\":[{\"@type\":\"SearchAction\",\"target\":{\"@type\":\"EntryPoint\",\"urlTemplate\":\"https:\\\/\\\/hmcsviagens.pt\\\/?s={search_term_string}\"},\"query-input\":{\"@type\":\"PropertyValueSpecification\",\"valueRequired\":true,\"valueName\":\"search_term_string\"}}],\"inLanguage\":\"pt-PT\"},{\"@type\":\"Organization\",\"@id\":\"https:\\\/\\\/hmcsviagens.pt\\\/#organization\",\"name\":\"HMCS viagens\",\"url\":\"https:\\\/\\\/hmcsviagens.pt\\\/\",\"logo\":{\"@type\":\"ImageObject\",\"inLanguage\":\"pt-PT\",\"@id\":\"https:\\\/\\\/hmcsviagens.pt\\\/#\\\/schema\\\/logo\\\/image\\\/\",\"url\":\"https:\\\/\\\/hmcsviagens.pt\\\/wp-content\\\/uploads\\\/2021\\\/03\\\/logo-hmcs-viagens-quad-br-02-01.png\",\"contentUrl\":\"https:\\\/\\\/hmcsviagens.pt\\\/wp-content\\\/uploads\\\/2021\\\/03\\\/logo-hmcs-viagens-quad-br-02-01.png\",\"width\":2250,\"height\":1210,\"caption\":\"HMCS viagens\"},\"image\":{\"@id\":\"https:\\\/\\\/hmcsviagens.pt\\\/#\\\/schema\\\/logo\\\/image\\\/\"},\"sameAs\":[\"https:\\\/\\\/www.facebook.com\\\/hmcsviagens\",\"https:\\\/\\\/www.instagram.com\\\/hmcsviagens\",\"https:\\\/\\\/www.linkedin.com\\\/company\\\/hmcsviagens\",\"https:\\\/\\\/www.pinterest.pt\\\/hmcsviagens\",\"https:\\\/\\\/www.youtube.com\\\/channel\\\/UCAvTyhGTW4S5VCpFgRM3YQw\"]}]}<\/script>\n<!-- \/ Yoast SEO plugin. -->","yoast_head_json":{"title":"Nepal - HMCS viagens","robots":{"index":"index","follow":"follow","max-snippet":"max-snippet:-1","max-image-preview":"max-image-preview:large","max-video-preview":"max-video-preview:-1"},"canonical":"https:\/\/hmcsviagens.pt\/index.php\/nepal\/","og_locale":"pt_PT","og_type":"article","og_title":"Nepal - HMCS viagens","og_description":"O Nepal, oficialmente Rep\u00fablica Democr\u00e1tica Federal do Nepal, \u00e9 um pa\u00eds encravado no Sul da \u00c1sia. Est\u00e1 localizado principalmente nos Himalaias, mas tamb\u00e9m inclui partes&hellip;","og_url":"https:\/\/hmcsviagens.pt\/index.php\/nepal\/","og_site_name":"HMCS viagens","article_publisher":"https:\/\/www.facebook.com\/hmcsviagens","article_modified_time":"2021-02-04T14:47:03+00:00","og_image":[{"width":1920,"height":1280,"url":"https:\/\/hmcsviagens.pt\/wp-content\/uploads\/2019\/08\/town-building-palace-vacation-travel-village-1327326-pxhere.com_-e1566800811162.jpg","type":"image\/jpeg"}],"twitter_card":"summary_large_image","schema":{"@context":"https:\/\/schema.org","@graph":[{"@type":"WebPage","@id":"https:\/\/hmcsviagens.pt\/index.php\/nepal\/","url":"https:\/\/hmcsviagens.pt\/index.php\/nepal\/","name":"Nepal - HMCS viagens","isPartOf":{"@id":"https:\/\/hmcsviagens.pt\/#website"},"primaryImageOfPage":{"@id":"https:\/\/hmcsviagens.pt\/index.php\/nepal\/#primaryimage"},"image":{"@id":"https:\/\/hmcsviagens.pt\/index.php\/nepal\/#primaryimage"},"thumbnailUrl":"https:\/\/hmcsviagens.pt\/wp-content\/uploads\/2019\/08\/town-building-palace-vacation-travel-village-1327326-pxhere.com_-e1566800811162.jpg","datePublished":"2019-08-26T06:22:39+00:00","dateModified":"2021-02-04T14:47:03+00:00","breadcrumb":{"@id":"https:\/\/hmcsviagens.pt\/index.php\/nepal\/#breadcrumb"},"inLanguage":"pt-PT","potentialAction":[{"@type":"ReadAction","target":["https:\/\/hmcsviagens.pt\/index.php\/nepal\/"]}]},{"@type":"ImageObject","inLanguage":"pt-PT","@id":"https:\/\/hmcsviagens.pt\/index.php\/nepal\/#primaryimage","url":"https:\/\/hmcsviagens.pt\/wp-content\/uploads\/2019\/08\/town-building-palace-vacation-travel-village-1327326-pxhere.com_-e1566800811162.jpg","contentUrl":"https:\/\/hmcsviagens.pt\/wp-content\/uploads\/2019\/08\/town-building-palace-vacation-travel-village-1327326-pxhere.com_-e1566800811162.jpg","width":1920,"height":1280},{"@type":"BreadcrumbList","@id":"https:\/\/hmcsviagens.pt\/index.php\/nepal\/#breadcrumb","itemListElement":[{"@type":"ListItem","position":1,"name":"Home","item":"https:\/\/hmcsviagens.pt\/"},{"@type":"ListItem","position":2,"name":"Nepal"}]},{"@type":"WebSite","@id":"https:\/\/hmcsviagens.pt\/#website","url":"https:\/\/hmcsviagens.pt\/","name":"HMCS viagens","description":"Viagens de neg\u00f3cios, luas de mel, programas para escapadinhas, viagens \u00e0 medida, hot\u00e9is, hot\u00e9is de luxo, voos, transfers, excurs\u00f5es. Reserve na HMCS Viagens","publisher":{"@id":"https:\/\/hmcsviagens.pt\/#organization"},"potentialAction":[{"@type":"SearchAction","target":{"@type":"EntryPoint","urlTemplate":"https:\/\/hmcsviagens.pt\/?s={search_term_string}"},"query-input":{"@type":"PropertyValueSpecification","valueRequired":true,"valueName":"search_term_string"}}],"inLanguage":"pt-PT"},{"@type":"Organization","@id":"https:\/\/hmcsviagens.pt\/#organization","name":"HMCS viagens","url":"https:\/\/hmcsviagens.pt\/","logo":{"@type":"ImageObject","inLanguage":"pt-PT","@id":"https:\/\/hmcsviagens.pt\/#\/schema\/logo\/image\/","url":"https:\/\/hmcsviagens.pt\/wp-content\/uploads\/2021\/03\/logo-hmcs-viagens-quad-br-02-01.png","contentUrl":"https:\/\/hmcsviagens.pt\/wp-content\/uploads\/2021\/03\/logo-hmcs-viagens-quad-br-02-01.png","width":2250,"height":1210,"caption":"HMCS viagens"},"image":{"@id":"https:\/\/hmcsviagens.pt\/#\/schema\/logo\/image\/"},"sameAs":["https:\/\/www.facebook.com\/hmcsviagens","https:\/\/www.instagram.com\/hmcsviagens","https:\/\/www.linkedin.com\/company\/hmcsviagens","https:\/\/www.pinterest.pt\/hmcsviagens","https:\/\/www.youtube.com\/channel\/UCAvTyhGTW4S5VCpFgRM3YQw"]}]}},"jetpack_sharing_enabled":true,"_links":{"self":[{"href":"https:\/\/hmcsviagens.pt\/index.php\/wp-json\/wp\/v2\/pages\/244","targetHints":{"allow":["GET"]}}],"collection":[{"href":"https:\/\/hmcsviagens.pt\/index.php\/wp-json\/wp\/v2\/pages"}],"about":[{"href":"https:\/\/hmcsviagens.pt\/index.php\/wp-json\/wp\/v2\/types\/page"}],"author":[{"embeddable":true,"href":"https:\/\/hmcsviagens.pt\/index.php\/wp-json\/wp\/v2\/users\/1"}],"replies":[{"embeddable":true,"href":"https:\/\/hmcsviagens.pt\/index.php\/wp-json\/wp\/v2\/comments?post=244"}],"version-history":[{"count":0,"href":"https:\/\/hmcsviagens.pt\/index.php\/wp-json\/wp\/v2\/pages\/244\/revisions"}],"wp:featuredmedia":[{"embeddable":true,"href":"https:\/\/hmcsviagens.pt\/index.php\/wp-json\/wp\/v2\/media\/245"}],"wp:attachment":[{"href":"https:\/\/hmcsviagens.pt\/index.php\/wp-json\/wp\/v2\/media?parent=244"}],"curies":[{"name":"wp","href":"https:\/\/api.w.org\/{rel}","templated":true}]}}