{"id":276,"date":"2019-08-26T06:37:12","date_gmt":"2019-08-26T06:37:12","guid":{"rendered":"https:\/\/themepalacedemo.com\/tourist\/?page_id=259"},"modified":"2021-02-09T20:59:07","modified_gmt":"2021-02-09T20:59:07","slug":"a-ilha-dos-corais","status":"publish","type":"page","link":"https:\/\/hmcsviagens.pt\/index.php\/a-ilha-dos-corais\/","title":{"rendered":"A Ilha dos Corais"},"content":{"rendered":"<p>A Ilha dos Corais: A Tale of the Pacific Ocean (1858) \u00e9 um romance escrito pelo escritor escoc\u00eas R. M. Ballantyne. Uma das primeiras obras de fic\u00e7\u00e3o juvenil a apresentar exclusivamente her\u00f3is juvenis, a hist\u00f3ria relata as aventuras de tr\u00eas rapazes abandonados numa ilha do Pac\u00edfico Sul, os \u00fanicos sobreviventes de um naufr\u00e1gio.<\/p>\n<p>Um Robinsonade t\u00edpico \u2013 um g\u00e9nero de fic\u00e7\u00e3o inspirado no Robinson Crusoe de Daniel Defoe \u2013 e um dos mais populares do seu tipo, o livro foi posto \u00e0 venda pela primeira vez em finais de 1857 e nunca esteve esgotado. Entre os principais temas do romance est\u00e3o o efeito civilizador do cristianismo, o imperialismo brit\u00e2nico do s\u00e9culo XIX no Pac\u00edfico Sul, e a import\u00e2ncia da hierarquia e da lideran\u00e7a. Foi a inspira\u00e7\u00e3o para o romance dist\u00f3pico de William Golding, Lord of the Flies (1954), que inverteu a moralidade de The Coral Island; na hist\u00f3ria de Ballantyne as crian\u00e7as encontram o mal, mas em Lord of the Flies o mal est\u00e1 dentro delas.<\/p>\n","protected":false},"excerpt":{"rendered":"<p>A Ilha dos Corais: A Tale of the Pacific Ocean (1858) \u00e9 um romance escrito pelo escritor escoc\u00eas R. M. Ballantyne. Uma das primeiras obras&hellip;<\/p>\n","protected":false},"author":1,"featured_media":178,"parent":0,"menu_order":0,"comment_status":"closed","ping_status":"closed","template":"","meta":{"_monsterinsights_skip_tracking":false,"_monsterinsights_sitenote_active":false,"_monsterinsights_sitenote_note":"","_monsterinsights_sitenote_category":0,"footnotes":""},"class_list":["post-276","page","type-page","status-publish","has-post-thumbnail","hentry"],"yoast_head":"<!-- This site is optimized with the Yoast SEO plugin v26.8 - https:\/\/yoast.com\/product\/yoast-seo-wordpress\/ -->\n<title>A Ilha dos Corais - HMCS viagens<\/title>\n<meta name=\"robots\" content=\"index, follow, max-snippet:-1, max-image-preview:large, max-video-preview:-1\" \/>\n<link rel=\"canonical\" href=\"https:\/\/hmcsviagens.pt\/index.php\/a-ilha-dos-corais\/\" \/>\n<meta property=\"og:locale\" content=\"pt_PT\" \/>\n<meta property=\"og:type\" content=\"article\" \/>\n<meta property=\"og:title\" content=\"A Ilha dos Corais - HMCS viagens\" \/>\n<meta property=\"og:description\" content=\"A Ilha dos Corais: A Tale of the Pacific Ocean (1858) \u00e9 um romance escrito pelo escritor escoc\u00eas R. M. Ballantyne. Uma das primeiras obras&hellip;\" \/>\n<meta property=\"og:url\" content=\"https:\/\/hmcsviagens.pt\/index.php\/a-ilha-dos-corais\/\" \/>\n<meta property=\"og:site_name\" content=\"HMCS viagens\" \/>\n<meta property=\"article:publisher\" content=\"https:\/\/www.facebook.com\/hmcsviagens\" \/>\n<meta property=\"article:modified_time\" content=\"2021-02-09T20:59:07+00:00\" \/>\n<meta property=\"og:image\" content=\"https:\/\/hmcsviagens.pt\/wp-content\/uploads\/2019\/08\/free-body-of-water-natural-landscape-water-resources-river-nature-1576317-pxhere.com_-scaled.jpg\" \/>\n\t<meta property=\"og:image:width\" content=\"2560\" \/>\n\t<meta property=\"og:image:height\" content=\"1696\" \/>\n\t<meta property=\"og:image:type\" content=\"image\/jpeg\" \/>\n<meta name=\"twitter:card\" content=\"summary_large_image\" \/>\n<meta name=\"twitter:label1\" content=\"Tempo estimado de leitura\" \/>\n\t<meta name=\"twitter:data1\" content=\"1 minuto\" \/>\n<script type=\"application\/ld+json\" class=\"yoast-schema-graph\">{\"@context\":\"https:\/\/schema.org\",\"@graph\":[{\"@type\":\"WebPage\",\"@id\":\"https:\/\/hmcsviagens.pt\/index.php\/a-ilha-dos-corais\/\",\"url\":\"https:\/\/hmcsviagens.pt\/index.php\/a-ilha-dos-corais\/\",\"name\":\"A Ilha dos Corais - HMCS viagens\",\"isPartOf\":{\"@id\":\"https:\/\/hmcsviagens.pt\/#website\"},\"primaryImageOfPage\":{\"@id\":\"https:\/\/hmcsviagens.pt\/index.php\/a-ilha-dos-corais\/#primaryimage\"},\"image\":{\"@id\":\"https:\/\/hmcsviagens.pt\/index.php\/a-ilha-dos-corais\/#primaryimage\"},\"thumbnailUrl\":\"https:\/\/hmcsviagens.pt\/wp-content\/uploads\/2019\/08\/free-body-of-water-natural-landscape-water-resources-river-nature-1576317-pxhere.com_-scaled.jpg\",\"datePublished\":\"2019-08-26T06:37:12+00:00\",\"dateModified\":\"2021-02-09T20:59:07+00:00\",\"breadcrumb\":{\"@id\":\"https:\/\/hmcsviagens.pt\/index.php\/a-ilha-dos-corais\/#breadcrumb\"},\"inLanguage\":\"pt-PT\",\"potentialAction\":[{\"@type\":\"ReadAction\",\"target\":[\"https:\/\/hmcsviagens.pt\/index.php\/a-ilha-dos-corais\/\"]}]},{\"@type\":\"ImageObject\",\"inLanguage\":\"pt-PT\",\"@id\":\"https:\/\/hmcsviagens.pt\/index.php\/a-ilha-dos-corais\/#primaryimage\",\"url\":\"https:\/\/hmcsviagens.pt\/wp-content\/uploads\/2019\/08\/free-body-of-water-natural-landscape-water-resources-river-nature-1576317-pxhere.com_-scaled.jpg\",\"contentUrl\":\"https:\/\/hmcsviagens.pt\/wp-content\/uploads\/2019\/08\/free-body-of-water-natural-landscape-water-resources-river-nature-1576317-pxhere.com_-scaled.jpg\",\"width\":2560,\"height\":1696},{\"@type\":\"BreadcrumbList\",\"@id\":\"https:\/\/hmcsviagens.pt\/index.php\/a-ilha-dos-corais\/#breadcrumb\",\"itemListElement\":[{\"@type\":\"ListItem\",\"position\":1,\"name\":\"Home\",\"item\":\"https:\/\/hmcsviagens.pt\/\"},{\"@type\":\"ListItem\",\"position\":2,\"name\":\"A Ilha dos Corais\"}]},{\"@type\":\"WebSite\",\"@id\":\"https:\/\/hmcsviagens.pt\/#website\",\"url\":\"https:\/\/hmcsviagens.pt\/\",\"name\":\"HMCS viagens\",\"description\":\"Viagens de neg\u00f3cios, luas de mel, programas para escapadinhas, viagens \u00e0 medida, hot\u00e9is, hot\u00e9is de luxo, voos, transfers, excurs\u00f5es. Reserve na HMCS Viagens\",\"publisher\":{\"@id\":\"https:\/\/hmcsviagens.pt\/#organization\"},\"potentialAction\":[{\"@type\":\"SearchAction\",\"target\":{\"@type\":\"EntryPoint\",\"urlTemplate\":\"https:\/\/hmcsviagens.pt\/?s={search_term_string}\"},\"query-input\":{\"@type\":\"PropertyValueSpecification\",\"valueRequired\":true,\"valueName\":\"search_term_string\"}}],\"inLanguage\":\"pt-PT\"},{\"@type\":\"Organization\",\"@id\":\"https:\/\/hmcsviagens.pt\/#organization\",\"name\":\"HMCS viagens\",\"url\":\"https:\/\/hmcsviagens.pt\/\",\"logo\":{\"@type\":\"ImageObject\",\"inLanguage\":\"pt-PT\",\"@id\":\"https:\/\/hmcsviagens.pt\/#\/schema\/logo\/image\/\",\"url\":\"https:\/\/hmcsviagens.pt\/wp-content\/uploads\/2021\/03\/logo-hmcs-viagens-quad-br-02-01.png\",\"contentUrl\":\"https:\/\/hmcsviagens.pt\/wp-content\/uploads\/2021\/03\/logo-hmcs-viagens-quad-br-02-01.png\",\"width\":2250,\"height\":1210,\"caption\":\"HMCS viagens\"},\"image\":{\"@id\":\"https:\/\/hmcsviagens.pt\/#\/schema\/logo\/image\/\"},\"sameAs\":[\"https:\/\/www.facebook.com\/hmcsviagens\",\"https:\/\/www.instagram.com\/hmcsviagens\",\"https:\/\/www.linkedin.com\/company\/hmcsviagens\",\"https:\/\/www.pinterest.pt\/hmcsviagens\",\"https:\/\/www.youtube.com\/channel\/UCAvTyhGTW4S5VCpFgRM3YQw\"]}]}<\/script>\n<!-- \/ Yoast SEO plugin. -->","yoast_head_json":{"title":"A Ilha dos Corais - HMCS viagens","robots":{"index":"index","follow":"follow","max-snippet":"max-snippet:-1","max-image-preview":"max-image-preview:large","max-video-preview":"max-video-preview:-1"},"canonical":"https:\/\/hmcsviagens.pt\/index.php\/a-ilha-dos-corais\/","og_locale":"pt_PT","og_type":"article","og_title":"A Ilha dos Corais - HMCS viagens","og_description":"A Ilha dos Corais: A Tale of the Pacific Ocean (1858) \u00e9 um romance escrito pelo escritor escoc\u00eas R. M. Ballantyne. Uma das primeiras obras&hellip;","og_url":"https:\/\/hmcsviagens.pt\/index.php\/a-ilha-dos-corais\/","og_site_name":"HMCS viagens","article_publisher":"https:\/\/www.facebook.com\/hmcsviagens","article_modified_time":"2021-02-09T20:59:07+00:00","og_image":[{"width":2560,"height":1696,"url":"https:\/\/hmcsviagens.pt\/wp-content\/uploads\/2019\/08\/free-body-of-water-natural-landscape-water-resources-river-nature-1576317-pxhere.com_-scaled.jpg","type":"image\/jpeg"}],"twitter_card":"summary_large_image","twitter_misc":{"Tempo estimado de leitura":"1 minuto"},"schema":{"@context":"https:\/\/schema.org","@graph":[{"@type":"WebPage","@id":"https:\/\/hmcsviagens.pt\/index.php\/a-ilha-dos-corais\/","url":"https:\/\/hmcsviagens.pt\/index.php\/a-ilha-dos-corais\/","name":"A Ilha dos Corais - HMCS viagens","isPartOf":{"@id":"https:\/\/hmcsviagens.pt\/#website"},"primaryImageOfPage":{"@id":"https:\/\/hmcsviagens.pt\/index.php\/a-ilha-dos-corais\/#primaryimage"},"image":{"@id":"https:\/\/hmcsviagens.pt\/index.php\/a-ilha-dos-corais\/#primaryimage"},"thumbnailUrl":"https:\/\/hmcsviagens.pt\/wp-content\/uploads\/2019\/08\/free-body-of-water-natural-landscape-water-resources-river-nature-1576317-pxhere.com_-scaled.jpg","datePublished":"2019-08-26T06:37:12+00:00","dateModified":"2021-02-09T20:59:07+00:00","breadcrumb":{"@id":"https:\/\/hmcsviagens.pt\/index.php\/a-ilha-dos-corais\/#breadcrumb"},"inLanguage":"pt-PT","potentialAction":[{"@type":"ReadAction","target":["https:\/\/hmcsviagens.pt\/index.php\/a-ilha-dos-corais\/"]}]},{"@type":"ImageObject","inLanguage":"pt-PT","@id":"https:\/\/hmcsviagens.pt\/index.php\/a-ilha-dos-corais\/#primaryimage","url":"https:\/\/hmcsviagens.pt\/wp-content\/uploads\/2019\/08\/free-body-of-water-natural-landscape-water-resources-river-nature-1576317-pxhere.com_-scaled.jpg","contentUrl":"https:\/\/hmcsviagens.pt\/wp-content\/uploads\/2019\/08\/free-body-of-water-natural-landscape-water-resources-river-nature-1576317-pxhere.com_-scaled.jpg","width":2560,"height":1696},{"@type":"BreadcrumbList","@id":"https:\/\/hmcsviagens.pt\/index.php\/a-ilha-dos-corais\/#breadcrumb","itemListElement":[{"@type":"ListItem","position":1,"name":"Home","item":"https:\/\/hmcsviagens.pt\/"},{"@type":"ListItem","position":2,"name":"A Ilha dos Corais"}]},{"@type":"WebSite","@id":"https:\/\/hmcsviagens.pt\/#website","url":"https:\/\/hmcsviagens.pt\/","name":"HMCS viagens","description":"Viagens de neg\u00f3cios, luas de mel, programas para escapadinhas, viagens \u00e0 medida, hot\u00e9is, hot\u00e9is de luxo, voos, transfers, excurs\u00f5es. Reserve na HMCS Viagens","publisher":{"@id":"https:\/\/hmcsviagens.pt\/#organization"},"potentialAction":[{"@type":"SearchAction","target":{"@type":"EntryPoint","urlTemplate":"https:\/\/hmcsviagens.pt\/?s={search_term_string}"},"query-input":{"@type":"PropertyValueSpecification","valueRequired":true,"valueName":"search_term_string"}}],"inLanguage":"pt-PT"},{"@type":"Organization","@id":"https:\/\/hmcsviagens.pt\/#organization","name":"HMCS viagens","url":"https:\/\/hmcsviagens.pt\/","logo":{"@type":"ImageObject","inLanguage":"pt-PT","@id":"https:\/\/hmcsviagens.pt\/#\/schema\/logo\/image\/","url":"https:\/\/hmcsviagens.pt\/wp-content\/uploads\/2021\/03\/logo-hmcs-viagens-quad-br-02-01.png","contentUrl":"https:\/\/hmcsviagens.pt\/wp-content\/uploads\/2021\/03\/logo-hmcs-viagens-quad-br-02-01.png","width":2250,"height":1210,"caption":"HMCS viagens"},"image":{"@id":"https:\/\/hmcsviagens.pt\/#\/schema\/logo\/image\/"},"sameAs":["https:\/\/www.facebook.com\/hmcsviagens","https:\/\/www.instagram.com\/hmcsviagens","https:\/\/www.linkedin.com\/company\/hmcsviagens","https:\/\/www.pinterest.pt\/hmcsviagens","https:\/\/www.youtube.com\/channel\/UCAvTyhGTW4S5VCpFgRM3YQw"]}]}},"_links":{"self":[{"href":"https:\/\/hmcsviagens.pt\/index.php\/wp-json\/wp\/v2\/pages\/276","targetHints":{"allow":["GET"]}}],"collection":[{"href":"https:\/\/hmcsviagens.pt\/index.php\/wp-json\/wp\/v2\/pages"}],"about":[{"href":"https:\/\/hmcsviagens.pt\/index.php\/wp-json\/wp\/v2\/types\/page"}],"author":[{"embeddable":true,"href":"https:\/\/hmcsviagens.pt\/index.php\/wp-json\/wp\/v2\/users\/1"}],"replies":[{"embeddable":true,"href":"https:\/\/hmcsviagens.pt\/index.php\/wp-json\/wp\/v2\/comments?post=276"}],"version-history":[{"count":0,"href":"https:\/\/hmcsviagens.pt\/index.php\/wp-json\/wp\/v2\/pages\/276\/revisions"}],"wp:featuredmedia":[{"embeddable":true,"href":"https:\/\/hmcsviagens.pt\/index.php\/wp-json\/wp\/v2\/media\/178"}],"wp:attachment":[{"href":"https:\/\/hmcsviagens.pt\/index.php\/wp-json\/wp\/v2\/media?parent=276"}],"curies":[{"name":"wp","href":"https:\/\/api.w.org\/{rel}","templated":true}]}}