{"id":636,"date":"2021-02-25T21:12:32","date_gmt":"2021-02-25T21:12:32","guid":{"rendered":"https:\/\/hmcsviagens.pt\/?page_id=636"},"modified":"2021-03-25T12:54:10","modified_gmt":"2021-03-25T12:54:10","slug":"contato","status":"publish","type":"page","link":"https:\/\/hmcsviagens.pt\/index.php\/contato\/","title":{"rendered":"Contato"},"content":{"rendered":"\n<blockquote class=\"wp-block-quote is-layout-flow wp-block-quote-is-layout-flow\"><p>A HMCS viagens foi fundada em 2018 com o objetivo de ser uma Ag\u00eancia de Viagens diferente. A nossa equipa de apaixonados conta com mais de 10 anos de experi\u00eancia no setor, e est\u00e1 dispon\u00edvel para colocar em pr\u00e1tica os seus desejos. Queremos deixar os nossos viajantes satisfeitos e garantir um excelente atendimento ao cliente.<\/p><p>Quem conhece a nossa hist\u00f3ria sabe que foi feita de avan\u00e7os e recuos, de renascer! Os \u00faltimos tempos foram complicados para todos. E nesse seguimento escolhemos um s\u00edmbolo com o qual nos identificamos e atrav\u00e9s do qual queremos continuar a escrever a nossa hist\u00f3ria: o Colibri. \u00c9 carregado de uma simbologia bem marcada: AMOR, ALEGRIA, ENERGIA, LIBERDADE, FOR\u00c7A \u2013 tudo isto somos n\u00f3s!!!<\/p><p>Desde que abrimos as nossas portas, a nossa miss\u00e3o \u00e9 planear viagens que proporcionem aos nossos clientes momentos espl\u00eandidos e lembran\u00e7as para toda a vida. Podemos oferecer qualquer tipo de produto VIAGENS DE NEG\u00d3CIOS &amp; LAZER * LUAS DE MEL * CRUZEIROS * VOOS * HOTEL * TRANSFERS * RENT A CAR * ENTRADAS PARQUES \/ ATRA\u00c7\u00d5ES DIVERSAS * EXCURS\u00d5ES. Atrav\u00e9s da nossa grande variedade de servi\u00e7os, garantimos que as suas expectativas s\u00e3o n\u00e3o somente atendidas, mas tamb\u00e9m superadas.<\/p><p>Entre em contacto connosco hoje mesmo, saiba mais e surpreenda-se!!!<\/p><cite><em><strong><span class=\"has-inline-color has-green-color\">Viajar \u00e9 mimar!<\/span><\/strong><\/em><\/cite><\/blockquote>\n\n\n<div class=\"wpforms-container wpforms-container-full wpforms-block\" id=\"wpforms-626\"><form id=\"wpforms-form-626\" class=\"wpforms-validate wpforms-form\" data-formid=\"626\" method=\"post\" enctype=\"multipart\/form-data\" action=\"\/index.php\/wp-json\/wp\/v2\/pages\/636\" data-token=\"ea4db573833a7f8c1fbb4f3994c6d3fe\" data-token-time=\"1777041307\"><noscript class=\"wpforms-error-noscript\">Please enable JavaScript in your browser to complete this form.<\/noscript><div class=\"wpforms-field-container\"><div id=\"wpforms-626-field_0-container\" class=\"wpforms-field wpforms-field-name\" data-field-id=\"0\"><label class=\"wpforms-field-label\">Nome <span class=\"wpforms-required-label\">*<\/span><\/label><div class=\"wpforms-field-row wpforms-field-medium\"><div class=\"wpforms-field-row-block wpforms-first wpforms-one-half\"><input type=\"text\" id=\"wpforms-626-field_0\" class=\"wpforms-field-name-first wpforms-field-required\" name=\"wpforms[fields][0][first]\" required><label for=\"wpforms-626-field_0\" class=\"wpforms-field-sublabel after\">First<\/label><\/div><div class=\"wpforms-field-row-block wpforms-one-half\"><input type=\"text\" id=\"wpforms-626-field_0-last\" class=\"wpforms-field-name-last wpforms-field-required\" name=\"wpforms[fields][0][last]\" required><label for=\"wpforms-626-field_0-last\" class=\"wpforms-field-sublabel after\">Last<\/label><\/div><\/div><\/div><div id=\"wpforms-626-field_1-container\" class=\"wpforms-field wpforms-field-email\" data-field-id=\"1\"><label class=\"wpforms-field-label\" for=\"wpforms-626-field_1\">Email <span class=\"wpforms-required-label\">*<\/span><\/label><input type=\"email\" id=\"wpforms-626-field_1\" class=\"wpforms-field-medium wpforms-field-required\" name=\"wpforms[fields][1]\" spellcheck=\"false\" required><\/div><div id=\"wpforms-626-field_3-container\" class=\"wpforms-field wpforms-field-number\" data-field-id=\"3\"><label class=\"wpforms-field-label\" for=\"wpforms-626-field_3\">Telefone<\/label><input type=\"number\" id=\"wpforms-626-field_3\" class=\"wpforms-field-medium\" name=\"wpforms[fields][3]\" step=\"any\" ><\/div><div id=\"wpforms-626-field_2-container\" class=\"wpforms-field wpforms-field-textarea\" data-field-id=\"2\"><label class=\"wpforms-field-label\" for=\"wpforms-626-field_2\">Mensagem <span class=\"wpforms-required-label\">*<\/span><\/label><textarea id=\"wpforms-626-field_2\" class=\"wpforms-field-medium wpforms-field-required\" name=\"wpforms[fields][2]\" required><\/textarea><\/div><div id=\"wpforms-626-field_4-container\" class=\"wpforms-field wpforms-field-gdpr-checkbox\" data-field-id=\"4\"><label class=\"wpforms-field-label\">Regulamento RGPD <span class=\"wpforms-required-label\">*<\/span><\/label><ul id=\"wpforms-626-field_4\" class=\"wpforms-field-required\"><li class=\"choice-1\"><input type=\"checkbox\" id=\"wpforms-626-field_4_1\" name=\"wpforms[fields][4][]\" value=\"Li e aceito as condi\u00e7\u00f5es descritas na nossa Pol\u00edtica de Privacidade e Cookies em https:\/\/hmcsviagens.pt\/index.php\/politica-privacidade\/ \" required ><label class=\"wpforms-field-label-inline\" for=\"wpforms-626-field_4_1\">Li e aceito as condi\u00e7\u00f5es descritas na nossa Pol\u00edtica de Privacidade e Cookies em https:\/\/hmcsviagens.pt\/index.php\/politica-privacidade\/ <\/label><\/li><\/ul><\/div><\/div><!-- .wpforms-field-container --><div class=\"wpforms-recaptcha-container wpforms-is-recaptcha wpforms-is-recaptcha-type-v3\" ><input type=\"hidden\" name=\"wpforms[recaptcha]\" value=\"\"><\/div><div class=\"wpforms-submit-container\" ><input type=\"hidden\" name=\"wpforms[id]\" value=\"626\"><input type=\"hidden\" name=\"page_title\" value=\"\"><input type=\"hidden\" name=\"page_url\" value=\"https:\/\/hmcsviagens.pt\/index.php\/wp-json\/wp\/v2\/pages\/636\"><input type=\"hidden\" name=\"url_referer\" value=\"\"><button type=\"submit\" name=\"wpforms[submit]\" id=\"wpforms-submit-626\" class=\"wpforms-submit\" data-alt-text=\"A enviar...\" data-submit-text=\"Enviar\" aria-live=\"assertive\" value=\"wpforms-submit\">Enviar<\/button><\/div><\/form><\/div>  <!-- .wpforms-container -->\n\n\n<p><\/p>\n","protected":false},"excerpt":{"rendered":"<p>A HMCS viagens foi fundada em 2018 com o objetivo de ser uma Ag\u00eancia de Viagens diferente. A nossa equipa de apaixonados conta com mais&hellip;<\/p>\n","protected":false},"author":1,"featured_media":0,"parent":0,"menu_order":0,"comment_status":"closed","ping_status":"closed","template":"","meta":{"_monsterinsights_skip_tracking":false,"_monsterinsights_sitenote_active":false,"_monsterinsights_sitenote_note":"","_monsterinsights_sitenote_category":0,"footnotes":""},"class_list":["post-636","page","type-page","status-publish","hentry"],"yoast_head":"<!-- This site is optimized with the Yoast SEO plugin v27.4 - https:\/\/yoast.com\/product\/yoast-seo-wordpress\/ -->\n<title>Contato - HMCS viagens<\/title>\n<meta name=\"robots\" content=\"index, follow, max-snippet:-1, max-image-preview:large, max-video-preview:-1\" \/>\n<link rel=\"canonical\" href=\"https:\/\/hmcsviagens.pt\/index.php\/contato\/\" \/>\n<meta property=\"og:locale\" content=\"pt_PT\" \/>\n<meta property=\"og:type\" content=\"article\" \/>\n<meta property=\"og:title\" content=\"Contato - HMCS viagens\" \/>\n<meta property=\"og:description\" content=\"A HMCS viagens foi fundada em 2018 com o objetivo de ser uma Ag\u00eancia de Viagens diferente. A nossa equipa de apaixonados conta com mais&hellip;\" \/>\n<meta property=\"og:url\" content=\"https:\/\/hmcsviagens.pt\/index.php\/contato\/\" \/>\n<meta property=\"og:site_name\" content=\"HMCS viagens\" \/>\n<meta property=\"article:publisher\" content=\"https:\/\/www.facebook.com\/hmcsviagens\" \/>\n<meta property=\"article:modified_time\" content=\"2021-03-25T12:54:10+00:00\" \/>\n<meta name=\"twitter:card\" content=\"summary_large_image\" \/>\n<meta name=\"twitter:label1\" content=\"Tempo estimado de leitura\" \/>\n\t<meta name=\"twitter:data1\" content=\"1 minuto\" \/>\n<script type=\"application\/ld+json\" class=\"yoast-schema-graph\">{\"@context\":\"https:\\\/\\\/schema.org\",\"@graph\":[{\"@type\":\"WebPage\",\"@id\":\"https:\\\/\\\/hmcsviagens.pt\\\/index.php\\\/contato\\\/\",\"url\":\"https:\\\/\\\/hmcsviagens.pt\\\/index.php\\\/contato\\\/\",\"name\":\"Contato - HMCS viagens\",\"isPartOf\":{\"@id\":\"https:\\\/\\\/hmcsviagens.pt\\\/#website\"},\"datePublished\":\"2021-02-25T21:12:32+00:00\",\"dateModified\":\"2021-03-25T12:54:10+00:00\",\"breadcrumb\":{\"@id\":\"https:\\\/\\\/hmcsviagens.pt\\\/index.php\\\/contato\\\/#breadcrumb\"},\"inLanguage\":\"pt-PT\",\"potentialAction\":[{\"@type\":\"ReadAction\",\"target\":[\"https:\\\/\\\/hmcsviagens.pt\\\/index.php\\\/contato\\\/\"]}]},{\"@type\":\"BreadcrumbList\",\"@id\":\"https:\\\/\\\/hmcsviagens.pt\\\/index.php\\\/contato\\\/#breadcrumb\",\"itemListElement\":[{\"@type\":\"ListItem\",\"position\":1,\"name\":\"Home\",\"item\":\"https:\\\/\\\/hmcsviagens.pt\\\/\"},{\"@type\":\"ListItem\",\"position\":2,\"name\":\"Contato\"}]},{\"@type\":\"WebSite\",\"@id\":\"https:\\\/\\\/hmcsviagens.pt\\\/#website\",\"url\":\"https:\\\/\\\/hmcsviagens.pt\\\/\",\"name\":\"HMCS viagens\",\"description\":\"Viagens de neg\u00f3cios, luas de mel, programas para escapadinhas, viagens \u00e0 medida, hot\u00e9is, hot\u00e9is de luxo, voos, transfers, excurs\u00f5es. Reserve na HMCS Viagens\",\"publisher\":{\"@id\":\"https:\\\/\\\/hmcsviagens.pt\\\/#organization\"},\"potentialAction\":[{\"@type\":\"SearchAction\",\"target\":{\"@type\":\"EntryPoint\",\"urlTemplate\":\"https:\\\/\\\/hmcsviagens.pt\\\/?s={search_term_string}\"},\"query-input\":{\"@type\":\"PropertyValueSpecification\",\"valueRequired\":true,\"valueName\":\"search_term_string\"}}],\"inLanguage\":\"pt-PT\"},{\"@type\":\"Organization\",\"@id\":\"https:\\\/\\\/hmcsviagens.pt\\\/#organization\",\"name\":\"HMCS viagens\",\"url\":\"https:\\\/\\\/hmcsviagens.pt\\\/\",\"logo\":{\"@type\":\"ImageObject\",\"inLanguage\":\"pt-PT\",\"@id\":\"https:\\\/\\\/hmcsviagens.pt\\\/#\\\/schema\\\/logo\\\/image\\\/\",\"url\":\"https:\\\/\\\/hmcsviagens.pt\\\/wp-content\\\/uploads\\\/2021\\\/03\\\/logo-hmcs-viagens-quad-br-02-01.png\",\"contentUrl\":\"https:\\\/\\\/hmcsviagens.pt\\\/wp-content\\\/uploads\\\/2021\\\/03\\\/logo-hmcs-viagens-quad-br-02-01.png\",\"width\":2250,\"height\":1210,\"caption\":\"HMCS viagens\"},\"image\":{\"@id\":\"https:\\\/\\\/hmcsviagens.pt\\\/#\\\/schema\\\/logo\\\/image\\\/\"},\"sameAs\":[\"https:\\\/\\\/www.facebook.com\\\/hmcsviagens\",\"https:\\\/\\\/www.instagram.com\\\/hmcsviagens\",\"https:\\\/\\\/www.linkedin.com\\\/company\\\/hmcsviagens\",\"https:\\\/\\\/www.pinterest.pt\\\/hmcsviagens\",\"https:\\\/\\\/www.youtube.com\\\/channel\\\/UCAvTyhGTW4S5VCpFgRM3YQw\"]}]}<\/script>\n<!-- \/ Yoast SEO plugin. -->","yoast_head_json":{"title":"Contato - HMCS viagens","robots":{"index":"index","follow":"follow","max-snippet":"max-snippet:-1","max-image-preview":"max-image-preview:large","max-video-preview":"max-video-preview:-1"},"canonical":"https:\/\/hmcsviagens.pt\/index.php\/contato\/","og_locale":"pt_PT","og_type":"article","og_title":"Contato - HMCS viagens","og_description":"A HMCS viagens foi fundada em 2018 com o objetivo de ser uma Ag\u00eancia de Viagens diferente. A nossa equipa de apaixonados conta com mais&hellip;","og_url":"https:\/\/hmcsviagens.pt\/index.php\/contato\/","og_site_name":"HMCS viagens","article_publisher":"https:\/\/www.facebook.com\/hmcsviagens","article_modified_time":"2021-03-25T12:54:10+00:00","twitter_card":"summary_large_image","twitter_misc":{"Tempo estimado de leitura":"1 minuto"},"schema":{"@context":"https:\/\/schema.org","@graph":[{"@type":"WebPage","@id":"https:\/\/hmcsviagens.pt\/index.php\/contato\/","url":"https:\/\/hmcsviagens.pt\/index.php\/contato\/","name":"Contato - HMCS viagens","isPartOf":{"@id":"https:\/\/hmcsviagens.pt\/#website"},"datePublished":"2021-02-25T21:12:32+00:00","dateModified":"2021-03-25T12:54:10+00:00","breadcrumb":{"@id":"https:\/\/hmcsviagens.pt\/index.php\/contato\/#breadcrumb"},"inLanguage":"pt-PT","potentialAction":[{"@type":"ReadAction","target":["https:\/\/hmcsviagens.pt\/index.php\/contato\/"]}]},{"@type":"BreadcrumbList","@id":"https:\/\/hmcsviagens.pt\/index.php\/contato\/#breadcrumb","itemListElement":[{"@type":"ListItem","position":1,"name":"Home","item":"https:\/\/hmcsviagens.pt\/"},{"@type":"ListItem","position":2,"name":"Contato"}]},{"@type":"WebSite","@id":"https:\/\/hmcsviagens.pt\/#website","url":"https:\/\/hmcsviagens.pt\/","name":"HMCS viagens","description":"Viagens de neg\u00f3cios, luas de mel, programas para escapadinhas, viagens \u00e0 medida, hot\u00e9is, hot\u00e9is de luxo, voos, transfers, excurs\u00f5es. Reserve na HMCS Viagens","publisher":{"@id":"https:\/\/hmcsviagens.pt\/#organization"},"potentialAction":[{"@type":"SearchAction","target":{"@type":"EntryPoint","urlTemplate":"https:\/\/hmcsviagens.pt\/?s={search_term_string}"},"query-input":{"@type":"PropertyValueSpecification","valueRequired":true,"valueName":"search_term_string"}}],"inLanguage":"pt-PT"},{"@type":"Organization","@id":"https:\/\/hmcsviagens.pt\/#organization","name":"HMCS viagens","url":"https:\/\/hmcsviagens.pt\/","logo":{"@type":"ImageObject","inLanguage":"pt-PT","@id":"https:\/\/hmcsviagens.pt\/#\/schema\/logo\/image\/","url":"https:\/\/hmcsviagens.pt\/wp-content\/uploads\/2021\/03\/logo-hmcs-viagens-quad-br-02-01.png","contentUrl":"https:\/\/hmcsviagens.pt\/wp-content\/uploads\/2021\/03\/logo-hmcs-viagens-quad-br-02-01.png","width":2250,"height":1210,"caption":"HMCS viagens"},"image":{"@id":"https:\/\/hmcsviagens.pt\/#\/schema\/logo\/image\/"},"sameAs":["https:\/\/www.facebook.com\/hmcsviagens","https:\/\/www.instagram.com\/hmcsviagens","https:\/\/www.linkedin.com\/company\/hmcsviagens","https:\/\/www.pinterest.pt\/hmcsviagens","https:\/\/www.youtube.com\/channel\/UCAvTyhGTW4S5VCpFgRM3YQw"]}]}},"jetpack_sharing_enabled":true,"_links":{"self":[{"href":"https:\/\/hmcsviagens.pt\/index.php\/wp-json\/wp\/v2\/pages\/636","targetHints":{"allow":["GET"]}}],"collection":[{"href":"https:\/\/hmcsviagens.pt\/index.php\/wp-json\/wp\/v2\/pages"}],"about":[{"href":"https:\/\/hmcsviagens.pt\/index.php\/wp-json\/wp\/v2\/types\/page"}],"author":[{"embeddable":true,"href":"https:\/\/hmcsviagens.pt\/index.php\/wp-json\/wp\/v2\/users\/1"}],"replies":[{"embeddable":true,"href":"https:\/\/hmcsviagens.pt\/index.php\/wp-json\/wp\/v2\/comments?post=636"}],"version-history":[{"count":1,"href":"https:\/\/hmcsviagens.pt\/index.php\/wp-json\/wp\/v2\/pages\/636\/revisions"}],"predecessor-version":[{"id":1430,"href":"https:\/\/hmcsviagens.pt\/index.php\/wp-json\/wp\/v2\/pages\/636\/revisions\/1430"}],"wp:attachment":[{"href":"https:\/\/hmcsviagens.pt\/index.php\/wp-json\/wp\/v2\/media?parent=636"}],"curies":[{"name":"wp","href":"https:\/\/api.w.org\/{rel}","templated":true}]}}