{"id":727,"date":"2021-03-24T18:36:13","date_gmt":"2021-03-24T18:36:13","guid":{"rendered":"https:\/\/hmcsviagens.pt\/?page_id=727"},"modified":"2021-07-02T20:39:55","modified_gmt":"2021-07-02T20:39:55","slug":"portugal-2","status":"publish","type":"page","link":"https:\/\/hmcsviagens.pt\/index.php\/portugal-2\/","title":{"rendered":"PORTUGAL"},"content":{"rendered":"\n<p id=\"block-9cd15d2b-8b80-4e08-87d4-da6a58398128\">V\u00e1 para fora c\u00e1 dentro! Nunca este slogan fez tanto sentido&#8230; Em tempos de pandemia todos os nossos h\u00e1bitos se alteraram em termos como nunca antes vistos.<\/p>\n\n\n\n<p id=\"block-2866e6d6-be74-4df6-a3a5-e57f4b307aac\">Com fronteiras fechadas e muitas restri\u00e7\u00f5es constantes de circula\u00e7\u00e3o, os avi\u00f5es em terra, cabe-nos optar por outras solu\u00e7\u00f5es, como sejam circular de carro, bicicleta, moto, autocaravanas, meios estes que acabam por nos dar mais seguran\u00e7a, no que ao distanciamento poder\u00e1 dizer respeito.<\/p>\n\n\n\n<p id=\"block-0d37ff3d-8fb3-4320-a1a5-17c46145324c\">Portugal \u00e9 o DESTINO! O nosso pa\u00eds tem muito do que procuramos numa escapada ou f\u00e9rias. Paisagens distintas, excelente gastronomia desde a mais tradicional \u00e0 mais peculiar, uma cultura \u00edmpar com costumes bem demarcados por cada uma das suas regi\u00f5es. Praias paradis\u00edacas n\u00e3o faltam, dignas dos melhores postais. Tem uma Natureza exuberante, com uma fauna e flora multicolorida, e cheia de irregularidades. Patrim\u00f3nio distinguido internacionalmente. Artesanato, m\u00fasica, cultura, desportos, atividades ao ar livre,<\/p>\n\n\n\n<p id=\"block-31d00754-1115-41db-bd16-65586f1e1da4\">Queremos deixar tamb\u00e9m uma sugest\u00e3o: N2, a nossa maior estrada nacional com 738,5km, que inicia em Chaves e termina em Faro, passando por muitas das mais belas vilas e aldeias de Portugal, paisagens de cortar a respira\u00e7\u00e3o, uma experi\u00eancia sem igual! Parta \u00e0 descoberta da cultura e paisagem aut\u00eanticas. Existe inclusive um passaporte que ficar\u00e1 para sempre como uma recorda\u00e7\u00e3o para si, que poder\u00e1 obter num Posto de Turismo, e carimbar em cada ponto identificado comum carimbo alusivo, bem giro \ud83d\ude0a.<\/p>\n\n\n\n<p id=\"block-ed3b1049-f6d7-4b10-b51e-5dd4ad385e83\">Sugerimos que comece a sua viagem junto ao marco que assinala o quil\u00f3metro 0 na rotunda perto do Jardim p\u00fablico de&nbsp;<a href=\"https:\/\/www.visitportugal.com\/pt-pt\/content\/chaves\" target=\"_blank\" rel=\"noreferrer noopener\"><strong>Chaves<\/strong><\/a>. Esta \u00e9 uma zona de montanhas rica em \u00e1guas termais, como as de&nbsp;<a href=\"https:\/\/www.visitportugal.com\/pt-pt\/content\/chaves-termas-spa\" target=\"_blank\" rel=\"noreferrer noopener\">Chaves<\/a>&nbsp;que j\u00e1 eram apreciadas pelos romanos, ou as de&nbsp;<a href=\"https:\/\/www.visitportugal.com\/pt-pt\/content\/termas-de-vidago\" target=\"_blank\" rel=\"noreferrer noopener\"><strong>Vidago<\/strong><\/a>&nbsp;e de&nbsp;<a href=\"https:\/\/www.visitportugal.com\/pt-pt\/content\/termas-de-pedras-salgadas\" target=\"_blank\" rel=\"noreferrer noopener\"><strong>Pedras Salgadas<\/strong><\/a>&nbsp;onde reina um charme que nos faz viajar no tempo at\u00e9 \u00e0 Belle Epoque.&nbsp; A estrada prossegue passando por&nbsp;<a href=\"https:\/\/www.visitportugal.com\/pt-pt\/node\/73739\" target=\"_blank\" rel=\"noreferrer noopener\"><strong>Vila Real<\/strong><\/a>, Santa Marta de Penagui\u00e3o e atravessa o&nbsp;<a href=\"https:\/\/www.visitportugal.com\/pt-pt\/destinos\/porto-e-norte\/73746\" target=\"_blank\" rel=\"noreferrer noopener\"><strong>Alto Douro Vinhateiro<\/strong><\/a>, uma paisagem inigual\u00e1vel classificada patrim\u00f3nio mundial pela UNESCO. Para saber mais sobre este territ\u00f3rio visite o&nbsp;<a href=\"https:\/\/www.visitportugal.com\/pt-pt\/NR\/exeres\/E94FAE82-01BF-4E1C-BA51-F24F42B4DF98\" target=\"_blank\" rel=\"noreferrer noopener\"><strong>Museu do Douro<\/strong><\/a>&nbsp;em Peso da R\u00e9gua, que exalta a tradi\u00e7\u00e3o vin\u00edcola desta que \u00e9 a mais antiga regi\u00e3o vin\u00edcola demarcada do mundo.&nbsp;<\/p>\n\n\n\n<p id=\"block-ffe7fd59-c11f-4df2-9d58-4cfa85dc6c0d\">A estrada atravessa o Rio Douro e passa por&nbsp;<a href=\"https:\/\/www.visitportugal.com\/pt-pt\/content\/lamego\" target=\"_blank\" rel=\"noreferrer noopener\"><strong>Lamego<\/strong><\/a>, cidade hist\u00f3rica onde \u00e9 obrigat\u00f3rio visitar a&nbsp;<a href=\"https:\/\/www.visitportugal.com\/pt-pt\/content\/se-catedral-de-lamego\" target=\"_blank\" rel=\"noreferrer noopener\">S\u00e9<\/a>&nbsp;e o&nbsp;<a href=\"https:\/\/www.visitportugal.com\/pt-pt\/node\/134774\" target=\"_blank\" rel=\"noreferrer noopener\">Santu\u00e1rio de Nossa Senhora dos Rem\u00e9dios<\/a>&nbsp;que todos os anos em setembro \u00e9 palco de uma das importantes romarias do pa\u00eds. Mais a sul, no cora\u00e7\u00e3o de outra regi\u00e3o vin\u00edcola demarcada &#8211; o D\u00e3o -,&nbsp;<a href=\"https:\/\/www.visitportugal.com\/pt-pt\/node\/73755\" target=\"_blank\" rel=\"noreferrer noopener\"><strong>Viseu<\/strong><\/a>&nbsp;possui tesouros art\u00edsticos imperd\u00edveis como o&nbsp;<a href=\"https:\/\/www.visitportugal.com\/pt-pt\/content\/museu-de-gr%C3%A3o-vasco\" target=\"_blank\" rel=\"noreferrer noopener\">Museu Gr\u00e3o Vasco<\/a>&nbsp;e a&nbsp;<a href=\"https:\/\/www.visitportugal.com\/pt-pt\/content\/se-catedral-de-viseu\" target=\"_blank\" rel=\"noreferrer noopener\">Catedral<\/a>.&nbsp;<\/p>\n\n\n\n<p id=\"block-f51e4bae-4ca1-46b3-827a-5765a44ffad4\">A Nacional 2 continua pela zona mais central do pa\u00eds, passando por localidades como Tondela, Penacova, Lous\u00e3 e Sert\u00e3, onde se encontram muitas&nbsp;<a href=\"https:\/\/www.visitportugal.com\/pt-pt\/encontre-tipo?context=404&amp;f[0]=im_field_sub_tipologia_praia%3A915\" target=\"_blank\" rel=\"noreferrer noopener\"><strong>praias fluviais<\/strong><\/a>, verdadeiros o\u00e1sis de frescura nos dias quentes de ver\u00e3o. Mas o local onde se situa efetivamente o centro geod\u00e9sico do pa\u00eds est\u00e1 assinalado com um marco \u2013 o Picoto da Melri\u00e7a no concelho de&nbsp;<a href=\"https:\/\/www.visitportugal.com\/pt-pt\/content\/vila-de-rei\">Vila de Rei<\/a>, um carimbo imperd\u00edvel no seu passaporte. Em&nbsp;<a href=\"https:\/\/www.visitportugal.com\/pt-pt\/content\/abrantes\" target=\"_blank\" rel=\"noreferrer noopener\"><strong>Abrantes<\/strong><\/a>, a \u00faltima localidade a norte do rio Tejo, suba ao castelo para admirar um panorama vast\u00edssimo que abrange grande parte do rio e se estende pela Beira Baixa, Alentejo e Ribatejo.<\/p>\n\n\n\n<p id=\"block-089dbd94-4642-4535-bef3-47210dc3544f\">A sul do Tejo, o Alentejo \u00e9 uma regi\u00e3o de plan\u00edcies a perder de vista e tradi\u00e7\u00f5es marcadas, algumas das quais foram elevadas \u00e0 categoria de patrim\u00f3nio da humanidade como o&nbsp;<a href=\"https:\/\/www.visitportugal.com\/pt-pt\/content\/o-cante-alentejano\" target=\"_blank\" rel=\"noreferrer noopener\"><strong>Cante alentejano<\/strong><\/a>&nbsp;ou a&nbsp;<strong><a href=\"https:\/\/www.visitportugal.com\/pt-pt\/content\/o-fabrico-de-chocalhos\" target=\"_blank\" rel=\"noreferrer noopener\">manufatura de chocalhos<\/a><\/strong>. Em Mora, visite o&nbsp;<a href=\"https:\/\/www.visitportugal.com\/pt-pt\/content\/fluvi%C3%A1rio-de-mora-0\" target=\"_blank\" rel=\"noreferrer noopener\"><strong>Fluvi\u00e1rio<\/strong><\/a>&nbsp;que d\u00e1 a conhecer a diversidade da fauna e flora dos nossos rios, e em&nbsp;<a href=\"https:\/\/www.visitportugal.com\/pt-pt\/content\/coruche\" target=\"_blank\" rel=\"noreferrer noopener\">Coruche<\/a>, no Observat\u00f3rio do Sobreiro e da Corti\u00e7a, pode ficar a saber tudo sobre estas&nbsp;<a href=\"https:\/\/www.visitportugal.com\/pt-pt\/content\/cortica-0\" target=\"_blank\" rel=\"noreferrer noopener\">\u00e1rvores<\/a>&nbsp;t\u00e3o marcantes na paisagem alentejana, que s\u00e3o tema de uma rota no Algarve em&nbsp;<a href=\"https:\/\/www.visitportugal.com\/pt-pt\/content\/s%C3%A3o-br%C3%A1s-de-alportel\" target=\"_blank\" rel=\"noreferrer noopener\">S\u00e3o Br\u00e1s de Alportel<\/a>.&nbsp;<\/p>\n\n\n\n<p id=\"block-15979ac1-99e9-4f1b-91d5-3b9d2fa464d8\">Depois de atravessar onze distritos e 35 concelhos, a Estrada Nacional 2 chega ao fim em&nbsp;<a href=\"https:\/\/www.visitportugal.com\/pt-pt\/node\/73803\" target=\"_blank\" rel=\"noreferrer noopener\"><strong>Faro<\/strong><\/a>, com vista para o mar. A capital do Algarve, junto \u00e0&nbsp;<a href=\"https:\/\/www.visitportugal.com\/pt-pt\/content\/parque-natural-da-ria-formosa\" target=\"_blank\" rel=\"noreferrer noopener\"><strong>Ria Formosa<\/strong><\/a>&nbsp;\u00e9 uma cidade que seduz pela sua riqueza hist\u00f3rica e o ep\u00edlogo perfeito para esta estrada que atravessa tantas hist\u00f3rias. Venha descobri-las ao seu ritmo.<\/p>\n","protected":false},"excerpt":{"rendered":"<p>V\u00e1 para fora c\u00e1 dentro! Nunca este slogan fez tanto sentido&#8230;<br \/>\nPortugal \u00e9 o DESTINO! Mais programas atrav\u00e9s info@hmcsviagens.pt<\/p>\n","protected":false},"author":1,"featured_media":723,"parent":0,"menu_order":0,"comment_status":"closed","ping_status":"closed","template":"","meta":{"_monsterinsights_skip_tracking":false,"_monsterinsights_sitenote_active":false,"_monsterinsights_sitenote_note":"","_monsterinsights_sitenote_category":0,"footnotes":""},"class_list":["post-727","page","type-page","status-publish","has-post-thumbnail","hentry"],"yoast_head":"<!-- This site is optimized with the Yoast SEO plugin v27.4 - https:\/\/yoast.com\/product\/yoast-seo-wordpress\/ -->\n<title>PORTUGAL - HMCS viagens<\/title>\n<meta name=\"description\" content=\"V\u00e1 para fora c\u00e1 dentro! Nunca este slogan fez tanto sentido...Portugal \u00e9 o DESTINO! Mais programas atrav\u00e9s info@hmcsviagens.pt\" \/>\n<meta name=\"robots\" content=\"index, follow, max-snippet:-1, max-image-preview:large, max-video-preview:-1\" \/>\n<link rel=\"canonical\" href=\"https:\/\/hmcsviagens.pt\/index.php\/portugal-2\/\" \/>\n<meta property=\"og:locale\" content=\"pt_PT\" \/>\n<meta property=\"og:type\" content=\"article\" \/>\n<meta property=\"og:title\" content=\"PORTUGAL - HMCS viagens\" \/>\n<meta property=\"og:description\" content=\"V\u00e1 para fora c\u00e1 dentro! Nunca este slogan fez tanto sentido...Portugal \u00e9 o DESTINO! Mais programas atrav\u00e9s info@hmcsviagens.pt\" \/>\n<meta property=\"og:url\" content=\"https:\/\/hmcsviagens.pt\/index.php\/portugal-2\/\" \/>\n<meta property=\"og:site_name\" content=\"HMCS viagens\" \/>\n<meta property=\"article:publisher\" content=\"https:\/\/www.facebook.com\/hmcsviagens\" \/>\n<meta property=\"article:modified_time\" content=\"2021-07-02T20:39:55+00:00\" \/>\n<meta property=\"og:image\" content=\"https:\/\/hmcsviagens.pt\/wp-content\/uploads\/2021\/03\/douro.jpg\" \/>\n\t<meta property=\"og:image:width\" content=\"1920\" \/>\n\t<meta property=\"og:image:height\" content=\"1280\" \/>\n\t<meta property=\"og:image:type\" content=\"image\/jpeg\" \/>\n<meta name=\"twitter:card\" content=\"summary_large_image\" \/>\n<meta name=\"twitter:label1\" content=\"Tempo estimado de leitura\" \/>\n\t<meta name=\"twitter:data1\" content=\"3 minutos\" \/>\n<script type=\"application\/ld+json\" class=\"yoast-schema-graph\">{\"@context\":\"https:\\\/\\\/schema.org\",\"@graph\":[{\"@type\":\"WebPage\",\"@id\":\"https:\\\/\\\/hmcsviagens.pt\\\/index.php\\\/portugal-2\\\/\",\"url\":\"https:\\\/\\\/hmcsviagens.pt\\\/index.php\\\/portugal-2\\\/\",\"name\":\"PORTUGAL - HMCS viagens\",\"isPartOf\":{\"@id\":\"https:\\\/\\\/hmcsviagens.pt\\\/#website\"},\"primaryImageOfPage\":{\"@id\":\"https:\\\/\\\/hmcsviagens.pt\\\/index.php\\\/portugal-2\\\/#primaryimage\"},\"image\":{\"@id\":\"https:\\\/\\\/hmcsviagens.pt\\\/index.php\\\/portugal-2\\\/#primaryimage\"},\"thumbnailUrl\":\"https:\\\/\\\/hmcsviagens.pt\\\/wp-content\\\/uploads\\\/2021\\\/03\\\/douro.jpg\",\"datePublished\":\"2021-03-24T18:36:13+00:00\",\"dateModified\":\"2021-07-02T20:39:55+00:00\",\"description\":\"V\u00e1 para fora c\u00e1 dentro! Nunca este slogan fez tanto sentido...Portugal \u00e9 o DESTINO! Mais programas atrav\u00e9s info@hmcsviagens.pt\",\"breadcrumb\":{\"@id\":\"https:\\\/\\\/hmcsviagens.pt\\\/index.php\\\/portugal-2\\\/#breadcrumb\"},\"inLanguage\":\"pt-PT\",\"potentialAction\":[{\"@type\":\"ReadAction\",\"target\":[\"https:\\\/\\\/hmcsviagens.pt\\\/index.php\\\/portugal-2\\\/\"]}]},{\"@type\":\"ImageObject\",\"inLanguage\":\"pt-PT\",\"@id\":\"https:\\\/\\\/hmcsviagens.pt\\\/index.php\\\/portugal-2\\\/#primaryimage\",\"url\":\"https:\\\/\\\/hmcsviagens.pt\\\/wp-content\\\/uploads\\\/2021\\\/03\\\/douro.jpg\",\"contentUrl\":\"https:\\\/\\\/hmcsviagens.pt\\\/wp-content\\\/uploads\\\/2021\\\/03\\\/douro.jpg\",\"width\":1920,\"height\":1280},{\"@type\":\"BreadcrumbList\",\"@id\":\"https:\\\/\\\/hmcsviagens.pt\\\/index.php\\\/portugal-2\\\/#breadcrumb\",\"itemListElement\":[{\"@type\":\"ListItem\",\"position\":1,\"name\":\"Home\",\"item\":\"https:\\\/\\\/hmcsviagens.pt\\\/\"},{\"@type\":\"ListItem\",\"position\":2,\"name\":\"PORTUGAL\"}]},{\"@type\":\"WebSite\",\"@id\":\"https:\\\/\\\/hmcsviagens.pt\\\/#website\",\"url\":\"https:\\\/\\\/hmcsviagens.pt\\\/\",\"name\":\"HMCS viagens\",\"description\":\"Viagens de neg\u00f3cios, luas de mel, programas para escapadinhas, viagens \u00e0 medida, hot\u00e9is, hot\u00e9is de luxo, voos, transfers, excurs\u00f5es. Reserve na HMCS Viagens\",\"publisher\":{\"@id\":\"https:\\\/\\\/hmcsviagens.pt\\\/#organization\"},\"potentialAction\":[{\"@type\":\"SearchAction\",\"target\":{\"@type\":\"EntryPoint\",\"urlTemplate\":\"https:\\\/\\\/hmcsviagens.pt\\\/?s={search_term_string}\"},\"query-input\":{\"@type\":\"PropertyValueSpecification\",\"valueRequired\":true,\"valueName\":\"search_term_string\"}}],\"inLanguage\":\"pt-PT\"},{\"@type\":\"Organization\",\"@id\":\"https:\\\/\\\/hmcsviagens.pt\\\/#organization\",\"name\":\"HMCS viagens\",\"url\":\"https:\\\/\\\/hmcsviagens.pt\\\/\",\"logo\":{\"@type\":\"ImageObject\",\"inLanguage\":\"pt-PT\",\"@id\":\"https:\\\/\\\/hmcsviagens.pt\\\/#\\\/schema\\\/logo\\\/image\\\/\",\"url\":\"https:\\\/\\\/hmcsviagens.pt\\\/wp-content\\\/uploads\\\/2021\\\/03\\\/logo-hmcs-viagens-quad-br-02-01.png\",\"contentUrl\":\"https:\\\/\\\/hmcsviagens.pt\\\/wp-content\\\/uploads\\\/2021\\\/03\\\/logo-hmcs-viagens-quad-br-02-01.png\",\"width\":2250,\"height\":1210,\"caption\":\"HMCS viagens\"},\"image\":{\"@id\":\"https:\\\/\\\/hmcsviagens.pt\\\/#\\\/schema\\\/logo\\\/image\\\/\"},\"sameAs\":[\"https:\\\/\\\/www.facebook.com\\\/hmcsviagens\",\"https:\\\/\\\/www.instagram.com\\\/hmcsviagens\",\"https:\\\/\\\/www.linkedin.com\\\/company\\\/hmcsviagens\",\"https:\\\/\\\/www.pinterest.pt\\\/hmcsviagens\",\"https:\\\/\\\/www.youtube.com\\\/channel\\\/UCAvTyhGTW4S5VCpFgRM3YQw\"]}]}<\/script>\n<!-- \/ Yoast SEO plugin. -->","yoast_head_json":{"title":"PORTUGAL - HMCS viagens","description":"V\u00e1 para fora c\u00e1 dentro! Nunca este slogan fez tanto sentido...Portugal \u00e9 o DESTINO! Mais programas atrav\u00e9s info@hmcsviagens.pt","robots":{"index":"index","follow":"follow","max-snippet":"max-snippet:-1","max-image-preview":"max-image-preview:large","max-video-preview":"max-video-preview:-1"},"canonical":"https:\/\/hmcsviagens.pt\/index.php\/portugal-2\/","og_locale":"pt_PT","og_type":"article","og_title":"PORTUGAL - HMCS viagens","og_description":"V\u00e1 para fora c\u00e1 dentro! Nunca este slogan fez tanto sentido...Portugal \u00e9 o DESTINO! Mais programas atrav\u00e9s info@hmcsviagens.pt","og_url":"https:\/\/hmcsviagens.pt\/index.php\/portugal-2\/","og_site_name":"HMCS viagens","article_publisher":"https:\/\/www.facebook.com\/hmcsviagens","article_modified_time":"2021-07-02T20:39:55+00:00","og_image":[{"width":1920,"height":1280,"url":"https:\/\/hmcsviagens.pt\/wp-content\/uploads\/2021\/03\/douro.jpg","type":"image\/jpeg"}],"twitter_card":"summary_large_image","twitter_misc":{"Tempo estimado de leitura":"3 minutos"},"schema":{"@context":"https:\/\/schema.org","@graph":[{"@type":"WebPage","@id":"https:\/\/hmcsviagens.pt\/index.php\/portugal-2\/","url":"https:\/\/hmcsviagens.pt\/index.php\/portugal-2\/","name":"PORTUGAL - HMCS viagens","isPartOf":{"@id":"https:\/\/hmcsviagens.pt\/#website"},"primaryImageOfPage":{"@id":"https:\/\/hmcsviagens.pt\/index.php\/portugal-2\/#primaryimage"},"image":{"@id":"https:\/\/hmcsviagens.pt\/index.php\/portugal-2\/#primaryimage"},"thumbnailUrl":"https:\/\/hmcsviagens.pt\/wp-content\/uploads\/2021\/03\/douro.jpg","datePublished":"2021-03-24T18:36:13+00:00","dateModified":"2021-07-02T20:39:55+00:00","description":"V\u00e1 para fora c\u00e1 dentro! Nunca este slogan fez tanto sentido...Portugal \u00e9 o DESTINO! Mais programas atrav\u00e9s info@hmcsviagens.pt","breadcrumb":{"@id":"https:\/\/hmcsviagens.pt\/index.php\/portugal-2\/#breadcrumb"},"inLanguage":"pt-PT","potentialAction":[{"@type":"ReadAction","target":["https:\/\/hmcsviagens.pt\/index.php\/portugal-2\/"]}]},{"@type":"ImageObject","inLanguage":"pt-PT","@id":"https:\/\/hmcsviagens.pt\/index.php\/portugal-2\/#primaryimage","url":"https:\/\/hmcsviagens.pt\/wp-content\/uploads\/2021\/03\/douro.jpg","contentUrl":"https:\/\/hmcsviagens.pt\/wp-content\/uploads\/2021\/03\/douro.jpg","width":1920,"height":1280},{"@type":"BreadcrumbList","@id":"https:\/\/hmcsviagens.pt\/index.php\/portugal-2\/#breadcrumb","itemListElement":[{"@type":"ListItem","position":1,"name":"Home","item":"https:\/\/hmcsviagens.pt\/"},{"@type":"ListItem","position":2,"name":"PORTUGAL"}]},{"@type":"WebSite","@id":"https:\/\/hmcsviagens.pt\/#website","url":"https:\/\/hmcsviagens.pt\/","name":"HMCS viagens","description":"Viagens de neg\u00f3cios, luas de mel, programas para escapadinhas, viagens \u00e0 medida, hot\u00e9is, hot\u00e9is de luxo, voos, transfers, excurs\u00f5es. Reserve na HMCS Viagens","publisher":{"@id":"https:\/\/hmcsviagens.pt\/#organization"},"potentialAction":[{"@type":"SearchAction","target":{"@type":"EntryPoint","urlTemplate":"https:\/\/hmcsviagens.pt\/?s={search_term_string}"},"query-input":{"@type":"PropertyValueSpecification","valueRequired":true,"valueName":"search_term_string"}}],"inLanguage":"pt-PT"},{"@type":"Organization","@id":"https:\/\/hmcsviagens.pt\/#organization","name":"HMCS viagens","url":"https:\/\/hmcsviagens.pt\/","logo":{"@type":"ImageObject","inLanguage":"pt-PT","@id":"https:\/\/hmcsviagens.pt\/#\/schema\/logo\/image\/","url":"https:\/\/hmcsviagens.pt\/wp-content\/uploads\/2021\/03\/logo-hmcs-viagens-quad-br-02-01.png","contentUrl":"https:\/\/hmcsviagens.pt\/wp-content\/uploads\/2021\/03\/logo-hmcs-viagens-quad-br-02-01.png","width":2250,"height":1210,"caption":"HMCS viagens"},"image":{"@id":"https:\/\/hmcsviagens.pt\/#\/schema\/logo\/image\/"},"sameAs":["https:\/\/www.facebook.com\/hmcsviagens","https:\/\/www.instagram.com\/hmcsviagens","https:\/\/www.linkedin.com\/company\/hmcsviagens","https:\/\/www.pinterest.pt\/hmcsviagens","https:\/\/www.youtube.com\/channel\/UCAvTyhGTW4S5VCpFgRM3YQw"]}]}},"jetpack_sharing_enabled":true,"_links":{"self":[{"href":"https:\/\/hmcsviagens.pt\/index.php\/wp-json\/wp\/v2\/pages\/727","targetHints":{"allow":["GET"]}}],"collection":[{"href":"https:\/\/hmcsviagens.pt\/index.php\/wp-json\/wp\/v2\/pages"}],"about":[{"href":"https:\/\/hmcsviagens.pt\/index.php\/wp-json\/wp\/v2\/types\/page"}],"author":[{"embeddable":true,"href":"https:\/\/hmcsviagens.pt\/index.php\/wp-json\/wp\/v2\/users\/1"}],"replies":[{"embeddable":true,"href":"https:\/\/hmcsviagens.pt\/index.php\/wp-json\/wp\/v2\/comments?post=727"}],"version-history":[{"count":0,"href":"https:\/\/hmcsviagens.pt\/index.php\/wp-json\/wp\/v2\/pages\/727\/revisions"}],"wp:featuredmedia":[{"embeddable":true,"href":"https:\/\/hmcsviagens.pt\/index.php\/wp-json\/wp\/v2\/media\/723"}],"wp:attachment":[{"href":"https:\/\/hmcsviagens.pt\/index.php\/wp-json\/wp\/v2\/media?parent=727"}],"curies":[{"name":"wp","href":"https:\/\/api.w.org\/{rel}","templated":true}]}}