{"id":95,"date":"2019-08-20T11:36:56","date_gmt":"2019-08-20T11:36:56","guid":{"rendered":"https:\/\/themepalacedemo.com\/tourist-pro\/?page_id=95"},"modified":"2021-06-22T16:56:28","modified_gmt":"2021-06-22T16:56:28","slug":"va-a-lugares-com-que-sempre-sonhou","status":"publish","type":"page","link":"https:\/\/hmcsviagens.pt\/index.php\/va-a-lugares-com-que-sempre-sonhou\/","title":{"rendered":"V\u00e1 a lugares com que sempre sonhou"},"content":{"rendered":"<p><span style=\"color: #333333;\">Entre alimenta\u00e7\u00e3o, a inscri\u00e7\u00e3o em m\u00faltiplas atividades e a subida de pre\u00e7os nas f\u00e9rias escolares, viajar com crian\u00e7as pode rapidamente aumentar o or\u00e7amento. Siga as nossas dicas de topo para fazer valer o seu dinheiro.\u00a0 Consiga ter melhores resultados enquanto voc\u00ea e a sua fam\u00edlia exploram o mundo&#8230;<\/span><\/p>\n<p><span style=\"color: #333333;\">Planear com anteced\u00eancia \u00e9 o segredo.<\/span><\/p>\n<p><span style=\"color: #333333;\">Quanto mais cedo come\u00e7ar a pensar no seu pr\u00f3ximo destino, mais disponibilidade existir\u00e1. Por conseguinte, melhores pre\u00e7os. Atualmente muitas das op\u00e7\u00f5es dispon\u00edveis para reservar t\u00eam a vantagem de serem isentas de gastos de cancelamento at\u00e9 10 dias antes da partida.<\/span><\/p>\n","protected":false},"excerpt":{"rendered":"<p>Entre alimenta\u00e7\u00e3o, a inscri\u00e7\u00e3o em m\u00faltiplas atividades e a subida de pre\u00e7os nas f\u00e9rias escolares, viajar com crian\u00e7as pode rapidamente aumentar o or\u00e7amento. Siga as&hellip;<\/p>\n","protected":false},"author":1,"featured_media":26,"parent":0,"menu_order":0,"comment_status":"closed","ping_status":"closed","template":"","meta":{"_monsterinsights_skip_tracking":false,"_monsterinsights_sitenote_active":false,"_monsterinsights_sitenote_note":"","_monsterinsights_sitenote_category":0,"footnotes":""},"class_list":["post-95","page","type-page","status-publish","has-post-thumbnail","hentry"],"yoast_head":"<!-- This site is optimized with the Yoast SEO plugin v26.8 - https:\/\/yoast.com\/product\/yoast-seo-wordpress\/ -->\n<title>V\u00e1 a lugares com que sempre sonhou - HMCS viagens<\/title>\n<meta name=\"robots\" content=\"index, follow, max-snippet:-1, max-image-preview:large, max-video-preview:-1\" \/>\n<link rel=\"canonical\" href=\"https:\/\/hmcsviagens.pt\/index.php\/va-a-lugares-com-que-sempre-sonhou\/\" \/>\n<meta property=\"og:locale\" content=\"pt_PT\" \/>\n<meta property=\"og:type\" content=\"article\" \/>\n<meta property=\"og:title\" content=\"V\u00e1 a lugares com que sempre sonhou\" \/>\n<meta property=\"og:description\" content=\"Planear com anteced\u00eancia \u00e9 o segredo!\" \/>\n<meta property=\"og:url\" content=\"https:\/\/hmcsviagens.pt\/index.php\/va-a-lugares-com-que-sempre-sonhou\/\" \/>\n<meta property=\"og:site_name\" content=\"HMCS viagens\" \/>\n<meta property=\"article:publisher\" content=\"https:\/\/www.facebook.com\/hmcsviagens\" \/>\n<meta property=\"article:modified_time\" content=\"2021-06-22T16:56:28+00:00\" \/>\n<meta property=\"og:image\" content=\"https:\/\/hmcsviagens.pt\/wp-content\/uploads\/2019\/08\/emmad-mazhari-DoveRW4-cMo-unsplash-1-e1566201972629.jpg\" \/>\n\t<meta property=\"og:image:width\" content=\"1920\" \/>\n\t<meta property=\"og:image:height\" content=\"1822\" \/>\n\t<meta property=\"og:image:type\" content=\"image\/jpeg\" \/>\n<meta name=\"twitter:card\" content=\"summary_large_image\" \/>\n<meta name=\"twitter:label1\" content=\"Tempo estimado de leitura\" \/>\n\t<meta name=\"twitter:data1\" content=\"1 minuto\" \/>\n<script type=\"application\/ld+json\" class=\"yoast-schema-graph\">{\"@context\":\"https:\/\/schema.org\",\"@graph\":[{\"@type\":\"WebPage\",\"@id\":\"https:\/\/hmcsviagens.pt\/index.php\/va-a-lugares-com-que-sempre-sonhou\/\",\"url\":\"https:\/\/hmcsviagens.pt\/index.php\/va-a-lugares-com-que-sempre-sonhou\/\",\"name\":\"V\u00e1 a lugares com que sempre sonhou - HMCS viagens\",\"isPartOf\":{\"@id\":\"https:\/\/hmcsviagens.pt\/#website\"},\"primaryImageOfPage\":{\"@id\":\"https:\/\/hmcsviagens.pt\/index.php\/va-a-lugares-com-que-sempre-sonhou\/#primaryimage\"},\"image\":{\"@id\":\"https:\/\/hmcsviagens.pt\/index.php\/va-a-lugares-com-que-sempre-sonhou\/#primaryimage\"},\"thumbnailUrl\":\"https:\/\/hmcsviagens.pt\/wp-content\/uploads\/2019\/08\/emmad-mazhari-DoveRW4-cMo-unsplash-1-e1566201972629.jpg\",\"datePublished\":\"2019-08-20T11:36:56+00:00\",\"dateModified\":\"2021-06-22T16:56:28+00:00\",\"breadcrumb\":{\"@id\":\"https:\/\/hmcsviagens.pt\/index.php\/va-a-lugares-com-que-sempre-sonhou\/#breadcrumb\"},\"inLanguage\":\"pt-PT\",\"potentialAction\":[{\"@type\":\"ReadAction\",\"target\":[\"https:\/\/hmcsviagens.pt\/index.php\/va-a-lugares-com-que-sempre-sonhou\/\"]}]},{\"@type\":\"ImageObject\",\"inLanguage\":\"pt-PT\",\"@id\":\"https:\/\/hmcsviagens.pt\/index.php\/va-a-lugares-com-que-sempre-sonhou\/#primaryimage\",\"url\":\"https:\/\/hmcsviagens.pt\/wp-content\/uploads\/2019\/08\/emmad-mazhari-DoveRW4-cMo-unsplash-1-e1566201972629.jpg\",\"contentUrl\":\"https:\/\/hmcsviagens.pt\/wp-content\/uploads\/2019\/08\/emmad-mazhari-DoveRW4-cMo-unsplash-1-e1566201972629.jpg\",\"width\":1920,\"height\":1822},{\"@type\":\"BreadcrumbList\",\"@id\":\"https:\/\/hmcsviagens.pt\/index.php\/va-a-lugares-com-que-sempre-sonhou\/#breadcrumb\",\"itemListElement\":[{\"@type\":\"ListItem\",\"position\":1,\"name\":\"Home\",\"item\":\"https:\/\/hmcsviagens.pt\/\"},{\"@type\":\"ListItem\",\"position\":2,\"name\":\"V\u00e1 a lugares com que sempre sonhou\"}]},{\"@type\":\"WebSite\",\"@id\":\"https:\/\/hmcsviagens.pt\/#website\",\"url\":\"https:\/\/hmcsviagens.pt\/\",\"name\":\"HMCS viagens\",\"description\":\"Viagens de neg\u00f3cios, luas de mel, programas para escapadinhas, viagens \u00e0 medida, hot\u00e9is, hot\u00e9is de luxo, voos, transfers, excurs\u00f5es. Reserve na HMCS Viagens\",\"publisher\":{\"@id\":\"https:\/\/hmcsviagens.pt\/#organization\"},\"potentialAction\":[{\"@type\":\"SearchAction\",\"target\":{\"@type\":\"EntryPoint\",\"urlTemplate\":\"https:\/\/hmcsviagens.pt\/?s={search_term_string}\"},\"query-input\":{\"@type\":\"PropertyValueSpecification\",\"valueRequired\":true,\"valueName\":\"search_term_string\"}}],\"inLanguage\":\"pt-PT\"},{\"@type\":\"Organization\",\"@id\":\"https:\/\/hmcsviagens.pt\/#organization\",\"name\":\"HMCS viagens\",\"url\":\"https:\/\/hmcsviagens.pt\/\",\"logo\":{\"@type\":\"ImageObject\",\"inLanguage\":\"pt-PT\",\"@id\":\"https:\/\/hmcsviagens.pt\/#\/schema\/logo\/image\/\",\"url\":\"https:\/\/hmcsviagens.pt\/wp-content\/uploads\/2021\/03\/logo-hmcs-viagens-quad-br-02-01.png\",\"contentUrl\":\"https:\/\/hmcsviagens.pt\/wp-content\/uploads\/2021\/03\/logo-hmcs-viagens-quad-br-02-01.png\",\"width\":2250,\"height\":1210,\"caption\":\"HMCS viagens\"},\"image\":{\"@id\":\"https:\/\/hmcsviagens.pt\/#\/schema\/logo\/image\/\"},\"sameAs\":[\"https:\/\/www.facebook.com\/hmcsviagens\",\"https:\/\/www.instagram.com\/hmcsviagens\",\"https:\/\/www.linkedin.com\/company\/hmcsviagens\",\"https:\/\/www.pinterest.pt\/hmcsviagens\",\"https:\/\/www.youtube.com\/channel\/UCAvTyhGTW4S5VCpFgRM3YQw\"]}]}<\/script>\n<!-- \/ Yoast SEO plugin. -->","yoast_head_json":{"title":"V\u00e1 a lugares com que sempre sonhou - HMCS viagens","robots":{"index":"index","follow":"follow","max-snippet":"max-snippet:-1","max-image-preview":"max-image-preview:large","max-video-preview":"max-video-preview:-1"},"canonical":"https:\/\/hmcsviagens.pt\/index.php\/va-a-lugares-com-que-sempre-sonhou\/","og_locale":"pt_PT","og_type":"article","og_title":"V\u00e1 a lugares com que sempre sonhou","og_description":"Planear com anteced\u00eancia \u00e9 o segredo!","og_url":"https:\/\/hmcsviagens.pt\/index.php\/va-a-lugares-com-que-sempre-sonhou\/","og_site_name":"HMCS viagens","article_publisher":"https:\/\/www.facebook.com\/hmcsviagens","article_modified_time":"2021-06-22T16:56:28+00:00","og_image":[{"width":1920,"height":1822,"url":"https:\/\/hmcsviagens.pt\/wp-content\/uploads\/2019\/08\/emmad-mazhari-DoveRW4-cMo-unsplash-1-e1566201972629.jpg","type":"image\/jpeg"}],"twitter_card":"summary_large_image","twitter_misc":{"Tempo estimado de leitura":"1 minuto"},"schema":{"@context":"https:\/\/schema.org","@graph":[{"@type":"WebPage","@id":"https:\/\/hmcsviagens.pt\/index.php\/va-a-lugares-com-que-sempre-sonhou\/","url":"https:\/\/hmcsviagens.pt\/index.php\/va-a-lugares-com-que-sempre-sonhou\/","name":"V\u00e1 a lugares com que sempre sonhou - HMCS viagens","isPartOf":{"@id":"https:\/\/hmcsviagens.pt\/#website"},"primaryImageOfPage":{"@id":"https:\/\/hmcsviagens.pt\/index.php\/va-a-lugares-com-que-sempre-sonhou\/#primaryimage"},"image":{"@id":"https:\/\/hmcsviagens.pt\/index.php\/va-a-lugares-com-que-sempre-sonhou\/#primaryimage"},"thumbnailUrl":"https:\/\/hmcsviagens.pt\/wp-content\/uploads\/2019\/08\/emmad-mazhari-DoveRW4-cMo-unsplash-1-e1566201972629.jpg","datePublished":"2019-08-20T11:36:56+00:00","dateModified":"2021-06-22T16:56:28+00:00","breadcrumb":{"@id":"https:\/\/hmcsviagens.pt\/index.php\/va-a-lugares-com-que-sempre-sonhou\/#breadcrumb"},"inLanguage":"pt-PT","potentialAction":[{"@type":"ReadAction","target":["https:\/\/hmcsviagens.pt\/index.php\/va-a-lugares-com-que-sempre-sonhou\/"]}]},{"@type":"ImageObject","inLanguage":"pt-PT","@id":"https:\/\/hmcsviagens.pt\/index.php\/va-a-lugares-com-que-sempre-sonhou\/#primaryimage","url":"https:\/\/hmcsviagens.pt\/wp-content\/uploads\/2019\/08\/emmad-mazhari-DoveRW4-cMo-unsplash-1-e1566201972629.jpg","contentUrl":"https:\/\/hmcsviagens.pt\/wp-content\/uploads\/2019\/08\/emmad-mazhari-DoveRW4-cMo-unsplash-1-e1566201972629.jpg","width":1920,"height":1822},{"@type":"BreadcrumbList","@id":"https:\/\/hmcsviagens.pt\/index.php\/va-a-lugares-com-que-sempre-sonhou\/#breadcrumb","itemListElement":[{"@type":"ListItem","position":1,"name":"Home","item":"https:\/\/hmcsviagens.pt\/"},{"@type":"ListItem","position":2,"name":"V\u00e1 a lugares com que sempre sonhou"}]},{"@type":"WebSite","@id":"https:\/\/hmcsviagens.pt\/#website","url":"https:\/\/hmcsviagens.pt\/","name":"HMCS viagens","description":"Viagens de neg\u00f3cios, luas de mel, programas para escapadinhas, viagens \u00e0 medida, hot\u00e9is, hot\u00e9is de luxo, voos, transfers, excurs\u00f5es. Reserve na HMCS Viagens","publisher":{"@id":"https:\/\/hmcsviagens.pt\/#organization"},"potentialAction":[{"@type":"SearchAction","target":{"@type":"EntryPoint","urlTemplate":"https:\/\/hmcsviagens.pt\/?s={search_term_string}"},"query-input":{"@type":"PropertyValueSpecification","valueRequired":true,"valueName":"search_term_string"}}],"inLanguage":"pt-PT"},{"@type":"Organization","@id":"https:\/\/hmcsviagens.pt\/#organization","name":"HMCS viagens","url":"https:\/\/hmcsviagens.pt\/","logo":{"@type":"ImageObject","inLanguage":"pt-PT","@id":"https:\/\/hmcsviagens.pt\/#\/schema\/logo\/image\/","url":"https:\/\/hmcsviagens.pt\/wp-content\/uploads\/2021\/03\/logo-hmcs-viagens-quad-br-02-01.png","contentUrl":"https:\/\/hmcsviagens.pt\/wp-content\/uploads\/2021\/03\/logo-hmcs-viagens-quad-br-02-01.png","width":2250,"height":1210,"caption":"HMCS viagens"},"image":{"@id":"https:\/\/hmcsviagens.pt\/#\/schema\/logo\/image\/"},"sameAs":["https:\/\/www.facebook.com\/hmcsviagens","https:\/\/www.instagram.com\/hmcsviagens","https:\/\/www.linkedin.com\/company\/hmcsviagens","https:\/\/www.pinterest.pt\/hmcsviagens","https:\/\/www.youtube.com\/channel\/UCAvTyhGTW4S5VCpFgRM3YQw"]}]}},"_links":{"self":[{"href":"https:\/\/hmcsviagens.pt\/index.php\/wp-json\/wp\/v2\/pages\/95","targetHints":{"allow":["GET"]}}],"collection":[{"href":"https:\/\/hmcsviagens.pt\/index.php\/wp-json\/wp\/v2\/pages"}],"about":[{"href":"https:\/\/hmcsviagens.pt\/index.php\/wp-json\/wp\/v2\/types\/page"}],"author":[{"embeddable":true,"href":"https:\/\/hmcsviagens.pt\/index.php\/wp-json\/wp\/v2\/users\/1"}],"replies":[{"embeddable":true,"href":"https:\/\/hmcsviagens.pt\/index.php\/wp-json\/wp\/v2\/comments?post=95"}],"version-history":[{"count":0,"href":"https:\/\/hmcsviagens.pt\/index.php\/wp-json\/wp\/v2\/pages\/95\/revisions"}],"wp:featuredmedia":[{"embeddable":true,"href":"https:\/\/hmcsviagens.pt\/index.php\/wp-json\/wp\/v2\/media\/26"}],"wp:attachment":[{"href":"https:\/\/hmcsviagens.pt\/index.php\/wp-json\/wp\/v2\/media?parent=95"}],"curies":[{"name":"wp","href":"https:\/\/api.w.org\/{rel}","templated":true}]}}